{"id":11,"date":"2016-05-09T18:57:47","date_gmt":"2016-05-09T15:57:47","guid":{"rendered":"http:\/\/alhudainfotech.com\/?page_id=11"},"modified":"2025-12-19T00:33:13","modified_gmt":"2025-12-18T21:33:13","slug":"ana-sayfa","status":"publish","type":"page","link":"https:\/\/alhudainfotech.com\/?page_id=11&lang=tr","title":{"rendered":"Ana sayfa"},"content":{"rendered":"<div id=\"pl-11\"  class=\"panel-layout panel-is-rtl\" ><div id=\"pg-11-0\"  class=\"panel-grid panel-no-style\" ><div id=\"pgc-11-0-0\"  class=\"panel-grid-cell\" ><div id=\"panel-11-0-0-0\" class=\"so-panel widget widget_phpeverywherewidget phpeverywherewidget panel-first-child panel-last-child\" data-index=\"0\" ><h3 class=\"widget-title\"> <\/h3><div align=\"center\"><table id=\"jmasbaswidth57\" border=\"0\" width=\"100%\" cellspacing=\"0\" cellpadding=\"0\"><tr><td><\/td><\/tr><\/table>\r\n<p id=\"demo\"  style=\"display:none;\"><\/p><span style=\"font-size:13.0pt;\" dir=\"rtl\">\u0645\u062e\u062a\u0627\u0631\u0627\u062a - Se&ccedil;ilmi&#351; - Selections<\/span><br>\r\n<iframe id=\"jmayotuif57\" src=\"https:\/\/abs.jasimabed.com\/video\/?ytv=br16bFFh_9g\" style=\"display: block; height: 320; width: 565; border: none; background: #DBE4D1;\" frameborder=\"0\" loading=\"lazy\" allow=\"accelerometer; clipboard-write; encrypted-media; gyroscope; picture-in-picture; web-share\" referrerpolicy=\"strict-origin-when-cross-origin\" allowfullscreen><\/iframe>\r\n<\/div><script>\r\nlet jmastTmsv057;\r\nfunction jmastTmsv157() {\r\njmastTmsv057 = setInterval(function () {\r\nvar rat = screen.availWidth \/ screen.availHeight ;\r\nvar brat = 1920 \/ 1080 ;\r\nvar binw = jmasbaswidth57.offsetWidth ;\r\nvar bvw = binw ; \/\/window.innerWidth  ; window.innerWidth\r\nlet bvh = Math.floor(binw  * 1080 \/ 1920) ;\r\nlet bvho = window.innerHeight ;\r\nlet bvhd = bvh - bvho ;\r\nvar bvw2 = bvw ;\r\nvar bvh2 = bvh ;\r\nif( bvhd > 0 )\r\n\t{\r\n        var bvw2 = Math.floor(window.innerHeight * 1920 \/ 1080) ;\r\n        var bvh2 = window.innerHeight ;\r\n        }\r\ndocument.getElementById(\"demo\").innerHTML = jmasbaswidth57.offsetWidth + \"<hr>\" + bvw2 + 'X' + bvh2 ; \/\/\"Video W= \" +  bvw + \" X H= \" +  bvh   + '<hr>' + bvho + '<hr>' + bvhd + '  ' + '==>' + '  ' + bvw2 + '  ' + bvh2  ;  \/\/  \"Rat. :\" + rat + ' ; ' + \"BRat : \" + brat + \"Screen Width: \" + screen.width + ' ; ' + \"Screen Height: \" + screen.height + ' ; ' + \/\/\"Screen Avail Width: \" + screen.availWidth + ' ; ' + \/\/\"Screen Avail Height: \" + screen.availHeight + ' ; ' +  '<hr>' +  \/\/ \/\/\r\ndocument.getElementById(\"jmayotuif57\").style.width  = bvw2 + \"px\" ;\r\ndocument.getElementById(\"jmayotuif57\").style.height = bvh2 + \"px\" ;\r\n}, 500); }\r\njmastTmsv157() ;\r\n<\/script>\r\n\r\n<\/div><\/div><\/div><div id=\"pg-11-1\"  class=\"panel-grid panel-no-style\" ><div id=\"pgc-11-1-0\"  class=\"panel-grid-cell\" ><div id=\"panel-11-1-0-0\" class=\"so-panel widget widget_phpeverywherewidget phpeverywherewidget panel-first-child panel-last-child\" data-index=\"1\" ><h3 class=\"widget-title\"> <\/h3><br><br><iframe src=\"https:\/\/jasimabed.com\/myapp.php\" style=\"display: block;  height: 500vh; width: 100%;  border: none;  background: lightyellow;\"><\/iframe><br><br><\/div><\/div><\/div><div id=\"pg-11-2\"  class=\"panel-grid panel-no-style\" ><div id=\"pgc-11-2-0\"  class=\"panel-grid-cell\" ><div id=\"panel-11-2-0-0\" class=\"so-panel widget widget_phpeverywherewidget phpeverywherewidget panel-first-child panel-last-child\" data-index=\"2\" ><h3 class=\"widget-title\"> <\/h3><p><iframe loading=\"lazy\" frameborder=\"0\" height=\"365\" scrolling=\"no\" src=\"https:\/\/www.jasimabed.com\/?page_id=21&lang=tr&embed=true#?secret=4ctfZm92Ze#?secret=JNVZutUFed\" title=\"Ana Sayfa \u2014 \u0627\u0644\u0645\u0647\u0646\u062f\u0633: \u062c\u0627\u0633\u0645 \u0645\u062d\u0645\u062f \u0639\u0628\u062f\" width=\"600\"><\/iframe><\/p>\n<\/div><\/div><\/div><div id=\"pg-11-3\"  class=\"panel-grid panel-no-style\" ><div id=\"pgc-11-3-0\"  class=\"panel-grid-cell\" ><div id=\"panel-11-3-0-0\" class=\"so-panel widget widget_phpeverywherewidget phpeverywherewidget panel-first-child panel-last-child\" data-index=\"3\" ><h3 class=\"widget-title\"> <\/h3><div width=\"100%\"><div align=\"center\">\r\n<div align=\"center\">\r\n              <iframe id=\"jmayotuif\" src=\"https:\/\/abs.jasimabed.com\/video\/?ytv=HiOiN4rYuqM\" style=\"display: block; height: 560px; width: 315px; border: none; background: #DBE4D1;\" allowfullscreen><\/iframe>\r\n              <\/div><!--<p id=\"demo\"><\/p>-->\r\n<script>\r\nlet jmastartTimer0;\r\nfunction jmastartTimer1() {\r\njmastartTimer0 = setInterval(function () {\r\nvar rat = screen.availWidth \/ screen.availHeight ;\r\nvar brat = 1080 \/ 1920 ;\r\nvar binw = jmasbaswidth.offsetWidth ;\r\nvar bvw = binw ; \/\/window.innerWidth  ; window.innerWidth\r\nlet bvh = Math.floor(binw  * 1920 \/ 1080) ;\r\nlet bvho =  window.innerHeight ;\r\nlet bvhd = bvh - bvho ;\r\nvar bvw2 = bvw ;\r\nvar bvh2 = bvh ;\r\nif( bvhd > 0 )\r\n\t{\r\n        var bvw2 = Math.floor(window.innerHeight * 1080 \/ 1920) ;\r\n        var bvh2 = window.innerHeight ;\r\n        }\r\n\/\/document.getElementById(\"demo\").innerHTML = bvw2 + 'X' + bvh2 ; \/\/\"Video W= \" +  bvw + \" X H= \" +  bvh   + '<hr>' + bvho + '<hr>' + bvhd + '  ' + '==>' + '  ' + bvw2 + '  ' + bvh2  ;  \/\/  \"Rat. :\" + rat + ' ; ' + \"BRat : \" + brat + \"Screen Width: \" + screen.width + ' ; ' + \"Screen Height: \" + screen.height + ' ; ' + \/\/\"Screen Avail Width: \" + screen.availWidth + ' ; ' + \/\/\"Screen Avail Height: \" + screen.availHeight + ' ; ' +  '<hr>' +  \/\/ \/\/\r\ndocument.getElementById(\"jmayotuif\").style.width  = bvw2 + \"px\" ;\r\ndocument.getElementById(\"jmayotuif\").style.height = bvh2 + \"px\" ;\r\n}, 500); }\r\njmastartTimer1() ;\r\n<\/script>\r\n<\/div><\/div>\r\n<\/div><\/div><\/div><div id=\"pg-11-4\"  class=\"panel-grid panel-no-style\" ><div id=\"pgc-11-4-0\"  class=\"panel-grid-cell\" ><div id=\"panel-11-4-0-0\" class=\"so-panel widget widget_sow-editor panel-first-child panel-last-child\" data-index=\"4\" ><div\n\t\t\t\n\t\t\tclass=\"so-widget-sow-editor so-widget-sow-editor-base\"\n\t\t\t\n\t\t>\n<div class=\"siteorigin-widget-tinymce textwidget\">\n\t<div id=\"gt-res-content\" class=\"almost_half_cell\">\n<div dir=\"ltr\" style=\"zoom: 1;\">\n<ul>\n<li>\n<p align=\"justify\"><span style=\"color: #ff0000;\"><strong><span id=\"result_box\" lang=\"tr\"><span class=\"hps\">E\u011fer<\/span> <span class=\"hps\">sizin veya \u015firket<\/span> <span class=\"hps\">ve<\/span> <span class=\"hps\">son tasar\u0131m<\/span> <span class=\"hps\">programlar\u0131 ile<\/span> <span class=\"hps\">tasarlanm\u0131\u015f<\/span> <span class=\"hps\">hakk\u0131nda<\/span> <span class=\"hps\">ifade<\/span> <span class=\"hps\">harika bir web sitesi<\/span> <span class=\"hps\">ve \u00e7ekici<\/span> <span class=\"hps\">almak<\/span> <span class=\"hps\">istiyor musunuz<\/span>?<br \/> <\/span><\/strong><\/span><\/p>\n<\/li>\n<li>\n<p align=\"justify\"><span style=\"color: #ff0000;\"><strong><span id=\"result_box\" lang=\"tr\"><span class=\"hps\">E\u011fer<\/span> <span class=\"hps\">daha iyi<\/span> <span class=\"hps\">sitenizi<\/span> <span class=\"hps\">geli\u015ftirmek istiyor musunuz<\/span>? <\/span><br \/> <\/strong><\/span><\/p>\n<\/li>\n<li>\n<p align=\"justify\"><span style=\"color: #008000;\"><strong><span id=\"result_box\" lang=\"tr\"><span class=\"hps\">Bize<\/span> <span class=\"hps\">web<\/span> <span class=\"hps\">sitesi tasar\u0131m\u0131<\/span> <span class=\"hps\">sizin<\/span> <span class=\"hps\">fikirlerinizi<\/span> <span class=\"hps\">ifade<\/span> <span class=\"hps\">edelim <\/span><span class=\"hps\">...<\/span> <\/span><\/strong><\/span><\/p>\n<\/li>\n<li>\n<p align=\"justify\"><strong><span id=\"result_box\" lang=\"tr\"><span class=\"hps\">Allah'\u0131n izniyle<\/span>, biz <span class=\"hps\">sitenizin daha<\/span> <span class=\"hps\">verimli<\/span> <span class=\"hps\">ve \u00e7ekici<\/span> <span class=\"hps\">hale getirmek i\u00e7in<\/span> <span class=\"hps\">son<\/span> <span class=\"hps\">geli\u015fmi\u015f<\/span> <span class=\"hps\">k\u00fcresel programlar\u0131<\/span> <span class=\"hps\">ile <\/span><span class=\"hps\">web tasar\u0131m\u0131<\/span>. <\/span><\/strong><\/p>\n<\/li>\n<li>\n<p align=\"justify\"><strong><span id=\"result_box\" lang=\"tr\"><span class=\"hps\">Biz rekabet\u00e7i<\/span> <span class=\"hps\">fiyatlarla m\u00fckemmel hizmet<\/span> <span class=\"hps\">sunmak <\/span><span class=\"hps\">istiyoruz<\/span>.<\/span><\/strong><\/p>\n<\/li>\n<\/ul>\n<\/div>\n<\/div>\n<\/div>\n<\/div><\/div><\/div><\/div><div id=\"pg-11-5\"  class=\"panel-grid panel-no-style\" ><div id=\"pgc-11-5-0\"  class=\"panel-grid-cell\" ><div id=\"panel-11-5-0-0\" class=\"so-panel widget widget_phpeverywherewidget phpeverywherewidget panel-first-child panel-last-child\" data-index=\"5\" ><h3 class=\"widget-title\"> <\/h3><div>\n<blockquote><p align=\"justify\"><font face=\"Adobe &#1606;&#1587;&#1582; Medium\" size=\"6\">&#1593;&#1614;&#1606;&#1618; &#1605;&#1615;&#1593;&#1614;&#1575;&#1584;&#1616; &#1576;&#1618;&#1606;&#1616; &#1580;&#1614;&#1576;&#1614;&#1604;&#1613;&#1548; &#1571;&#1614;&#1606;&#1617;&#1614;\n<font color=\"#FF0000\">&#1585;&#1614;&#1587;&#1615;&#1608;&#1604;&#1614; &#1575;&#1604;&#1604;&#1617;&#1614;&#1607;&#1616; &#1589;&#1604;&#1609; &#1575;&#1604;&#1604;&#1607; &#1593;&#1604;&#1610;&#1607; &#1608;&#1587;&#1604;<\/font>&#1605; &#1571;&#1614;&#1582;&#1614;&#1584;&#1614; &#1576;&#1616;&#1610;&#1614;&#1583;&#1616;&#1607;&#1616;\n&#1608;&#1614;&#1602;&#1614;&#1575;&#1604;&#1614; &#8207;&quot;<font color=\"#006600\">&#8207;&#1610;&#1614;&#1575; &#1605;&#1615;&#1593;&#1614;&#1575;&#1584;&#1615; &#1608;&#1614;&#1575;&#1604;&#1604;&#1617;&#1614;&#1607;&#1616; &#1573;&#1616;&#1606;&#1617;&#1616;&#1610; &#1604;&#1571;&#1615;&#1581;&#1616;&#1576;&#1617;&#1615;&#1603;&#1614;\n&#1608;&#1614;&#1575;&#1604;&#1604;&#1617;&#1614;&#1607;&#1616; &#1573;&#1616;&#1606;&#1617;&#1616;&#1610; &#1604;&#1571;&#1615;&#1581;&#1616;&#1576;&#1617;&#1615;&#1603;&#1614;&#8207;<\/font>&quot;&#8207;&#8207;.&#8207; &#1601;&#1614;&#1602;&#1614;&#1575;&#1604;&#1614; &#8207;&quot;<font color=\"#006600\">&#8207;&#1571;&#1615;&#1608;&#1589;&#1616;&#1610;&#1603;&#1614;\n&#1610;&#1614;&#1575; &#1605;&#1615;&#1593;&#1614;&#1575;&#1584;&#1615; &#1604;&#1575;&#1614; &#1578;&#1614;&#1583;&#1614;&#1593;&#1614;&#1606;&#1617;&#1614; &#1601;&#1616;&#1610; &#1583;&#1615;&#1576;&#1615;&#1585;&#1616; &#1603;&#1615;&#1604;&#1617;&#1616; &#1589;&#1614;&#1604;&#1575;&#1614;&#1577;&#1613; &#1578;&#1614;&#1602;&#1615;&#1608;&#1604;&#1615; &#1575;&#1604;&#1604;&#1617;&#1614;&#1607;&#1615;&#1605;&#1617;&#1614; &#1571;&#1614;&#1593;&#1616;&#1606;&#1617;&#1616;&#1610;\n&#1593;&#1614;&#1604;&#1614;&#1609; &#1584;&#1616;&#1603;&#1618;&#1585;&#1616;&#1603;&#1614; &#1608;&#1614;&#1588;&#1615;&#1603;&#1618;&#1585;&#1616;&#1603;&#1614; &#1608;&#1614;&#1581;&#1615;&#1587;&#1618;&#1606;&#1616; &#1593;&#1616;&#1576;&#1614;&#1575;&#1583;&#1614;&#1578;&#1616;&#1603;&#1614;&#8207;<\/font>&quot;&#8207;.<span lang=\"ar-iq\">\n<\/span><\/font><font face=\"Adobe &#1606;&#1587;&#1582; Medium\" size=\"5\">&#1589;&#1581;&#1610;&#1581; &#1571;&#1576;&#1610; &#1583;&#1575;&#1608;&#1583; &#1633;&#1637;&#1634;&#1634;<span lang=\"ar-iq\">&#1563;\n&#1589;&#1581;&#1581;&#1607; &#1575;&#1604;&#1588;&#1610;&#1582; <\/span>&#1575;&#1604;&#1571;&#1604;&#1576;&#1575;&#1606;&#1610;<span lang=\"ar-iq\">.<\/span><\/font><\/p>\n<p dir=\"ltr\" align=\"justify\"><font size=\"5\">Muaz b. Cebel (rad&#305;yallah&uuml; anh)&#39;den riv&acirc;yet edildi&#287;ine g&ouml;re,\n<font color=\"#FF0000\">Res&ucirc;l&uuml;llah (sallallah&uuml; aleyhi ve sellem)<\/font> onun elini tutup: &quot;<font color=\"#006600\">Ya Muaz! Vallahi seni seviyorum. Sana bir &#351;eyler tavsiye edeyim, onlar&#305; her (farz) namaz&#305;n sonunda oku, kat&#39;iyyen terk etme<\/font>&quot; : &quot;<font color=\"#006600\">Allah&#39;&#305;m! Seni zikretmekte, sana &#351;&uuml;kretmekte ve sana g&uuml;zelce ib&acirc;det etmekte bana yard&#305;m et<\/font>&quot; dersin&quot; buyurdu.\n<\/font>S&uuml;nen-i Ebu Davud: 1522<\/p>\n<p dir=\"ltr\" align=\"justify\"><font size=\"5\">Mu&#39;adh b. Jabal reported that <font color=\"#FF0000\">the Messenger of Allah (&#65018;)\n<\/font>caught his hand and said: <font color=\"#006600\">By Allah, I love you, Mu&#39;adh. I give some instruction to you. Never leave to\nrecite this supplication after every (prescribed) prayer: <\/font>&quot;<font color=\"#006600\">O Allah, help me in remembering You, in giving You thanks, and worshipping You well.<\/font>&quot;\n<\/font>Sunan Abi Dawud 1522; Grade: Sahih (Al-Albani)<\/p>\n<\/blockquote><br><hr><\/div>\n\n\n<div>\n<div><a href=\"https:\/\/abs.jasimabed.com\/index_trl.php#TurkishLearning\" target=\"_blank\">\n<img decoding=\"async\" src=\"https:\/\/abs.jasimabed.com\/topimftrl.jpg\" style=\"top:0px;\" alt=\"\" width=\"100%\" \/>\n<\/a><\/div>\n<div dir=\"ltr\">https:\/\/abs.jasimabed.com<\/div>\n<div><a href=\"https:\/\/abs.jasimabed.com\/index_trl.php\" target=\"_blank\">\u0645\u0646\u0627\u0647\u062c \u0648\u0645\u0624\u0644\u0641\u0627\u062a \u0648\u0643\u062a\u0628 \u0648\u062f\u0648\u0631\u0627\u062a \u0644\u062a\u0639\u0644\u0651\u0645 \u0648\u062a\u0639\u0644\u064a\u0645 \u0627\u0644\u0644\u0651\u063a\u0629 \u0627\u0644\u062a\u0651\u0631\u0643\u064a\u0651\u0629<\/a><\/div>\n<div><a href=\"https:\/\/abs.jasimabed.com\/index_trl.php#TurkishLearning\" target=\"_blank\">\nT\u00fcrk\u00e7e:<br>\n\u0627\u0644\u0645\u0635\u0627\u062f\u0631 \u0648\u0627\u0644\u0645\u0631\u0627\u062c\u0639 \u0648\u0627\u0644\u0643\u062a\u0628 \u0648\u0627\u0644\u0635\u0648\u062a\u064a\u0627\u062a <br> Kaynaklar, referanslar, kitaplar ve sesler <br> Sources, references, books and audios\n<br>\n\t\u0645\u0646\u0627\u0647\u062c \u0648\u0645\u0624\u0644\u0641\u0627\u062a \u0648\u0643\u062a\u0628 \u0648\u062f\u0648\u0631\u0627\u062a \u0644\u062a\u0639\u0644\u0651\u0645 \u0648\u062a\u0639\u0644\u064a\u0645 \u0627\u0644\u0644\u0651\u063a\u0629 \u0627\u0644\u062a\u0651\u0631\u0643\u064a\u0651\u0629<\/a><\/div>\n<br>\n<div><a href=\"https:\/\/www.youtube.com\/channel\/UCR28-cJIy_O0LsBQ9D6Yo1g\" target=\"_blank\">\n<img decoding=\"async\" src=\"https:\/\/jasimabed.com\/mybooks\/youtube.jpg\"  style=\"top:0px;\" alt=\"\" width=\"100%\" \/>\n\u062a\u0627\u0628\u0639\u0648\u0627 \u0627\u0644\u0642\u0646\u0627\u0629 \u0648\u0627\u0634\u062a\u0631\u0643\u0648\u0627 \u0644\u064a\u0635\u0644\u0643\u0645 \u062c\u062f\u064a\u062f\u0646\u0627 .....<br>\nEn son haberlerimizi almak i\u00e7in kanal\u0131 takip edin ve abone olun .....<br>\nFollow the channel and subscribe to receive our latest news.....<br>\n<\/a><\/div>\t\n\t\n<\/div>\n\n<\/div><\/div><\/div><div id=\"pg-11-6\"  class=\"panel-grid panel-no-style\" ><div id=\"pgc-11-6-0\"  class=\"panel-grid-cell\" ><div id=\"panel-11-6-0-0\" class=\"widget_text so-panel widget widget_custom_html panel-first-child panel-last-child\" data-index=\"6\" ><div class=\"textwidget custom-html-widget\"><div>\n<div><a href=\"https:\/\/iyit.jasimabed.com\/?BN=A1&IYIT=10000\" target=\"_blank\">\n<img decoding=\"async\" src=\"https:\/\/iyit.jasimabed.com\/simages\/0e56b120e66d72e2a2ba1161d5f03ee9.jpg\" style=\"top:0px;\" alt=\"\" width=\"100%\" \/>\n<\/a><\/div>\n<div dir=\"ltr\">iyit.jasimabed.com<\/div>\n<div><a href=\"https:\/\/iyit.jasimabed.com\" target=\"_blank\">&#304;stanbul Yabanc&#305;lar &#304;\u00e7in T\u00fcrk\u00e7e A1.<\/a><\/div>\n<div dir=\"rtl\"><a href=\"https:\/\/iyit.jasimabed.com\/?BN=A1&IYIT=10000\" target=\"_blank\">\n&#1575;&#1604;&#1605;&#1589;&#1575;&#1583;&#1585; &#1608;&#1575;&#1604;&#1605;&#1585;&#1575;&#1580;&#1593; &#1608;&#1575;&#1604;&#1603;&#1578;&#1576; &#1608;&#1575;&#1604;&#1589;&#1608;&#1578;&#1610;&#1575;&#1578; - Kaynaklar, referanslar, kitaplar ve sesler - Sources, references, books and audios\n<\/a><\/div>\n<\/div> <\/div><\/div><\/div><\/div><\/div>","protected":false},"excerpt":{"rendered":"<div class=\"mh-excerpt\"><p>\u0645\u062e\u062a\u0627\u0631\u0627\u062a &#8211; Se&ccedil;ilmi&#351; &#8211; Selections E\u011fer sizin veya \u015firket ve son tasar\u0131m programlar\u0131 ile tasarlanm\u0131\u015f hakk\u0131nda ifade harika bir web sitesi ve \u00e7ekici almak istiyor <a class=\"mh-excerpt-more\" href=\"https:\/\/alhudainfotech.com\/?page_id=11&#038;lang=tr\" title=\"Ana sayfa\">[&#8230;]<\/a><\/p>\n<\/div>","protected":false},"author":1,"featured_media":0,"parent":0,"menu_order":0,"comment_status":"closed","ping_status":"open","template":"","meta":{"footnotes":""},"class_list":["post-11","page","type-page","status-publish","hentry"],"_links":{"self":[{"href":"https:\/\/alhudainfotech.com\/index.php?rest_route=\/wp\/v2\/pages\/11","targetHints":{"allow":["GET"]}}],"collection":[{"href":"https:\/\/alhudainfotech.com\/index.php?rest_route=\/wp\/v2\/pages"}],"about":[{"href":"https:\/\/alhudainfotech.com\/index.php?rest_route=\/wp\/v2\/types\/page"}],"author":[{"embeddable":true,"href":"https:\/\/alhudainfotech.com\/index.php?rest_route=\/wp\/v2\/users\/1"}],"replies":[{"embeddable":true,"href":"https:\/\/alhudainfotech.com\/index.php?rest_route=%2Fwp%2Fv2%2Fcomments&post=11"}],"version-history":[{"count":16,"href":"https:\/\/alhudainfotech.com\/index.php?rest_route=\/wp\/v2\/pages\/11\/revisions"}],"predecessor-version":[{"id":1141,"href":"https:\/\/alhudainfotech.com\/index.php?rest_route=\/wp\/v2\/pages\/11\/revisions\/1141"}],"wp:attachment":[{"href":"https:\/\/alhudainfotech.com\/index.php?rest_route=%2Fwp%2Fv2%2Fmedia&parent=11"}],"curies":[{"name":"wp","href":"https:\/\/api.w.org\/{rel}","templated":true}]}}