{"id":122,"date":"2016-05-31T21:56:31","date_gmt":"2016-05-31T18:56:31","guid":{"rendered":"http:\/\/alhudainfotech.com\/?page_id=122"},"modified":"2016-05-31T21:56:31","modified_gmt":"2016-05-31T18:56:31","slug":"biz-kimiz","status":"publish","type":"page","link":"https:\/\/alhudainfotech.com\/?page_id=122&lang=tr","title":{"rendered":"Biz kimiz?"},"content":{"rendered":"<div id=\"gt-res-content\" class=\"almost_half_cell\">\n<div dir=\"ltr\" style=\"zoom: 1;\">\n<ul>\n<li>\n<p align=\"justify\"><span style=\"color: #ff0000;\"><strong><span id=\"result_box\" lang=\"tr\"><span class=\"hps\">E\u011fer<\/span> <span class=\"hps\">sizin veya \u015firket<\/span> <span class=\"hps\">ve<\/span> <span class=\"hps\">son tasar\u0131m<\/span> <span class=\"hps\">programlar\u0131 ile<\/span> <span class=\"hps\">tasarlanm\u0131\u015f<\/span> <span class=\"hps\">hakk\u0131nda<\/span> <span class=\"hps\">ifade<\/span> <span class=\"hps\">harika bir web sitesi<\/span> <span class=\"hps\">ve \u00e7ekici<\/span> <span class=\"hps\">almak<\/span> <span class=\"hps\">istiyor musunuz<\/span>?<br \/>\n<\/span><\/strong><\/span><\/p>\n<\/li>\n<li>\n<p align=\"justify\"><span style=\"color: #ff0000;\"><strong><span id=\"result_box\" lang=\"tr\"><span class=\"hps\">E\u011fer<\/span> <span class=\"hps\">daha iyi<\/span> <span class=\"hps\">sitenizi<\/span> <span class=\"hps\">geli\u015ftirmek istiyor musunuz<\/span>? <\/span><br \/>\n<\/strong><\/span><\/p>\n<\/li>\n<li>\n<p align=\"justify\"><span style=\"color: #008000;\"><strong><span id=\"result_box\" lang=\"tr\"><span class=\"hps\">Bize<\/span> <span class=\"hps\">web<\/span> <span class=\"hps\">sitesi tasar\u0131m\u0131<\/span> <span class=\"hps\">sizin<\/span> <span class=\"hps\">fikirlerinizi<\/span> <span class=\"hps\">ifade<\/span> <span class=\"hps\">edelim <\/span><span class=\"hps\">&#8230;<\/span> <\/span><\/strong><\/span><\/p>\n<\/li>\n<li>\n<p align=\"justify\"><strong><span id=\"result_box\" lang=\"tr\"><span class=\"hps\">Allah&#8217;\u0131n izniyle<\/span>, biz <span class=\"hps\">sitenizin daha<\/span> <span class=\"hps\">verimli<\/span> <span class=\"hps\">ve \u00e7ekici<\/span> <span class=\"hps\">hale getirmek i\u00e7in<\/span> <span class=\"hps\">son<\/span> <span class=\"hps\">geli\u015fmi\u015f<\/span> <span class=\"hps\">k\u00fcresel programlar\u0131<\/span> <span class=\"hps\">ile <\/span><span class=\"hps\">web tasar\u0131m\u0131<\/span>. <\/span><\/strong><\/p>\n<\/li>\n<li>\n<p align=\"justify\"><strong><span id=\"result_box\" lang=\"tr\"><span class=\"hps\">Biz rekabet\u00e7i<\/span> <span class=\"hps\">fiyatlarla m\u00fckemmel hizmet<\/span> <span class=\"hps\">sunmak <\/span><span class=\"hps\">istiyoruz<\/span>.<\/span><\/strong><\/p>\n<\/li>\n<\/ul>\n<\/div>\n<\/div>\n","protected":false},"excerpt":{"rendered":"<div class=\"mh-excerpt\"><p>E\u011fer sizin veya \u015firket ve son tasar\u0131m programlar\u0131 ile tasarlanm\u0131\u015f hakk\u0131nda ifade harika bir web sitesi ve \u00e7ekici almak istiyor musunuz? E\u011fer daha iyi sitenizi <a class=\"mh-excerpt-more\" href=\"https:\/\/alhudainfotech.com\/?page_id=122&#038;lang=tr\" title=\"Biz kimiz?\">[&#8230;]<\/a><\/p>\n<\/div>","protected":false},"author":1,"featured_media":0,"parent":0,"menu_order":0,"comment_status":"closed","ping_status":"closed","template":"","meta":{"footnotes":""},"class_list":["post-122","page","type-page","status-publish","hentry"],"_links":{"self":[{"href":"https:\/\/alhudainfotech.com\/index.php?rest_route=\/wp\/v2\/pages\/122","targetHints":{"allow":["GET"]}}],"collection":[{"href":"https:\/\/alhudainfotech.com\/index.php?rest_route=\/wp\/v2\/pages"}],"about":[{"href":"https:\/\/alhudainfotech.com\/index.php?rest_route=\/wp\/v2\/types\/page"}],"author":[{"embeddable":true,"href":"https:\/\/alhudainfotech.com\/index.php?rest_route=\/wp\/v2\/users\/1"}],"replies":[{"embeddable":true,"href":"https:\/\/alhudainfotech.com\/index.php?rest_route=%2Fwp%2Fv2%2Fcomments&post=122"}],"version-history":[{"count":1,"href":"https:\/\/alhudainfotech.com\/index.php?rest_route=\/wp\/v2\/pages\/122\/revisions"}],"predecessor-version":[{"id":123,"href":"https:\/\/alhudainfotech.com\/index.php?rest_route=\/wp\/v2\/pages\/122\/revisions\/123"}],"wp:attachment":[{"href":"https:\/\/alhudainfotech.com\/index.php?rest_route=%2Fwp%2Fv2%2Fmedia&parent=122"}],"curies":[{"name":"wp","href":"https:\/\/api.w.org\/{rel}","templated":true}]}}