{"id":13,"date":"2016-05-09T18:58:41","date_gmt":"2016-05-09T15:58:41","guid":{"rendered":"http:\/\/alhudainfotech.com\/?page_id=13"},"modified":"2025-12-19T00:35:24","modified_gmt":"2025-12-18T21:35:24","slug":"home-page","status":"publish","type":"page","link":"https:\/\/alhudainfotech.com\/?page_id=13&lang=en","title":{"rendered":"Home Page"},"content":{"rendered":"<div id=\"pl-13\"  class=\"panel-layout panel-is-rtl\" ><div id=\"pg-13-0\"  class=\"panel-grid panel-no-style\" ><div id=\"pgc-13-0-0\"  class=\"panel-grid-cell\" ><div id=\"panel-13-0-0-0\" class=\"so-panel widget widget_phpeverywherewidget phpeverywherewidget panel-first-child panel-last-child\" data-index=\"0\" ><h3 class=\"widget-title\"> <\/h3><div align=\"center\"><table id=\"jmasbaswidth57\" border=\"0\" width=\"100%\" cellspacing=\"0\" cellpadding=\"0\"><tr><td><\/td><\/tr><\/table>\r\n<p id=\"demo\"  style=\"display:none;\"><\/p><span style=\"font-size:13.0pt;\" dir=\"rtl\">\u0645\u062e\u062a\u0627\u0631\u0627\u062a - Se&ccedil;ilmi&#351; - Selections<\/span><br>\r\n<iframe id=\"jmayotuif57\" src=\"https:\/\/abs.jasimabed.com\/video\/?ytv=RHlSJPtfECE&ytl=PLTP-WEKCtOk7D9UOJCElMTvC-HdKytudB\" style=\"display: block; height: 320; width: 565; border: none; background: #DBE4D1;\" frameborder=\"0\" loading=\"lazy\" allow=\"accelerometer; clipboard-write; encrypted-media; gyroscope; picture-in-picture; web-share\" referrerpolicy=\"strict-origin-when-cross-origin\" allowfullscreen><\/iframe>\r\n<\/div><script>\r\nlet jmastTmsv057;\r\nfunction jmastTmsv157() {\r\njmastTmsv057 = setInterval(function () {\r\nvar rat = screen.availWidth \/ screen.availHeight ;\r\nvar brat = 1920 \/ 1080 ;\r\nvar binw = jmasbaswidth57.offsetWidth ;\r\nvar bvw = binw ; \/\/window.innerWidth  ; window.innerWidth\r\nlet bvh = Math.floor(binw  * 1080 \/ 1920) ;\r\nlet bvho = window.innerHeight ;\r\nlet bvhd = bvh - bvho ;\r\nvar bvw2 = bvw ;\r\nvar bvh2 = bvh ;\r\nif( bvhd > 0 )\r\n\t{\r\n        var bvw2 = Math.floor(window.innerHeight * 1920 \/ 1080) ;\r\n        var bvh2 = window.innerHeight ;\r\n        }\r\ndocument.getElementById(\"demo\").innerHTML = jmasbaswidth57.offsetWidth + \"<hr>\" + bvw2 + 'X' + bvh2 ; \/\/\"Video W= \" +  bvw + \" X H= \" +  bvh   + '<hr>' + bvho + '<hr>' + bvhd + '  ' + '==>' + '  ' + bvw2 + '  ' + bvh2  ;  \/\/  \"Rat. :\" + rat + ' ; ' + \"BRat : \" + brat + \"Screen Width: \" + screen.width + ' ; ' + \"Screen Height: \" + screen.height + ' ; ' + \/\/\"Screen Avail Width: \" + screen.availWidth + ' ; ' + \/\/\"Screen Avail Height: \" + screen.availHeight + ' ; ' +  '<hr>' +  \/\/ \/\/\r\ndocument.getElementById(\"jmayotuif57\").style.width  = bvw2 + \"px\" ;\r\ndocument.getElementById(\"jmayotuif57\").style.height = bvh2 + \"px\" ;\r\n}, 500); }\r\njmastTmsv157() ;\r\n<\/script>\r\n\r\n<\/div><\/div><\/div><div id=\"pg-13-1\"  class=\"panel-grid panel-no-style\" ><div id=\"pgc-13-1-0\"  class=\"panel-grid-cell\" ><div id=\"panel-13-1-0-0\" class=\"so-panel widget widget_phpeverywherewidget phpeverywherewidget panel-first-child panel-last-child\" data-index=\"1\" ><h3 class=\"widget-title\"> <\/h3><br><br><iframe src=\"https:\/\/jasimabed.com\/myapp.php\" style=\"display: block;  height: 500vh; width: 100%;  border: none;  background: lightyellow;\"><\/iframe><br><br><\/div><\/div><\/div><div id=\"pg-13-2\"  class=\"panel-grid panel-no-style\" ><div id=\"pgc-13-2-0\"  class=\"panel-grid-cell\" ><div id=\"panel-13-2-0-0\" class=\"so-panel widget widget_phpeverywherewidget phpeverywherewidget panel-first-child panel-last-child\" data-index=\"2\" ><h3 class=\"widget-title\"> <\/h3><p><iframe loading=\"lazy\" frameborder=\"0\" height=\"344\" scrolling=\"no\" src=\"https:\/\/www.jasimabed.com\/?page_id=23&amp;lang=en&amp;embed=true#?secret=rzbGAaPhjS#?secret=DZ2g6COyd1\" title=\"\u201cHome\u201d \u2014 \u0627\u0644\u0645\u0647\u0646\u062f\u0633: \u062c\u0627\u0633\u0645 \u0645\u062d\u0645\u062f \u0639\u0628\u062f\" width=\"600\"><\/iframe><\/p>\n<\/div><\/div><\/div><div id=\"pg-13-3\"  class=\"panel-grid panel-no-style\" ><div id=\"pgc-13-3-0\"  class=\"panel-grid-cell\" ><div id=\"panel-13-3-0-0\" class=\"so-panel widget widget_phpeverywherewidget phpeverywherewidget panel-first-child panel-last-child\" data-index=\"3\" ><h3 class=\"widget-title\"> <\/h3><div width=\"100%\"><div align=\"center\">\r\n<div align=\"center\">\r\n              <iframe id=\"jmayotuif\" src=\"https:\/\/abs.jasimabed.com\/video\/?ytv=z1qdFeQPRw0\" style=\"display: block; height: 560px; width: 315px; border: none; background: #DBE4D1;\" allowfullscreen><\/iframe>\r\n              <\/div><!--<p id=\"demo\"><\/p>-->\r\n<script>\r\nlet jmastartTimer0;\r\nfunction jmastartTimer1() {\r\njmastartTimer0 = setInterval(function () {\r\nvar rat = screen.availWidth \/ screen.availHeight ;\r\nvar brat = 1080 \/ 1920 ;\r\nvar binw = jmasbaswidth.offsetWidth ;\r\nvar bvw = binw ; \/\/window.innerWidth  ; window.innerWidth\r\nlet bvh = Math.floor(binw  * 1920 \/ 1080) ;\r\nlet bvho =  window.innerHeight ;\r\nlet bvhd = bvh - bvho ;\r\nvar bvw2 = bvw ;\r\nvar bvh2 = bvh ;\r\nif( bvhd > 0 )\r\n\t{\r\n        var bvw2 = Math.floor(window.innerHeight * 1080 \/ 1920) ;\r\n        var bvh2 = window.innerHeight ;\r\n        }\r\n\/\/document.getElementById(\"demo\").innerHTML = bvw2 + 'X' + bvh2 ; \/\/\"Video W= \" +  bvw + \" X H= \" +  bvh   + '<hr>' + bvho + '<hr>' + bvhd + '  ' + '==>' + '  ' + bvw2 + '  ' + bvh2  ;  \/\/  \"Rat. :\" + rat + ' ; ' + \"BRat : \" + brat + \"Screen Width: \" + screen.width + ' ; ' + \"Screen Height: \" + screen.height + ' ; ' + \/\/\"Screen Avail Width: \" + screen.availWidth + ' ; ' + \/\/\"Screen Avail Height: \" + screen.availHeight + ' ; ' +  '<hr>' +  \/\/ \/\/\r\ndocument.getElementById(\"jmayotuif\").style.width  = bvw2 + \"px\" ;\r\ndocument.getElementById(\"jmayotuif\").style.height = bvh2 + \"px\" ;\r\n}, 500); }\r\njmastartTimer1() ;\r\n<\/script>\r\n<\/div><\/div>\r\n<\/div><\/div><\/div><div id=\"pg-13-4\"  class=\"panel-grid panel-no-style\" ><div id=\"pgc-13-4-0\"  class=\"panel-grid-cell\" ><div id=\"panel-13-4-0-0\" class=\"so-panel widget widget_sow-editor panel-first-child panel-last-child\" data-index=\"4\" ><div\n\t\t\t\n\t\t\tclass=\"so-widget-sow-editor so-widget-sow-editor-base\"\n\t\t\t\n\t\t>\n<div class=\"siteorigin-widget-tinymce textwidget\">\n\t<ul>\n<li dir=\"ltr\">\n<p dir=\"ltr\" align=\"justify\"><span style=\"color: #ff0000;\"><strong>Do you want to get a great web site and attractive that expressed about you or your company and designed with the latest design programs ? <\/strong><\/span><\/p>\n<\/li>\n<li dir=\"ltr\">\n<p dir=\"ltr\" align=\"justify\"><span style=\"color: #ff0000;\"><strong>Do you want to develop your site for the better ?<\/strong><\/span><\/p>\n<\/li>\n<\/ul>\n<ul>\n<li dir=\"ltr\">\n<p dir=\"ltr\" align=\"justify\"><strong><span style=\"color: #339966;\">Let us expressed your ideas to design your web site ...<\/span> <\/strong><\/p>\n<\/li>\n<\/ul>\n<ul>\n<li dir=\"ltr\">\n<p dir=\"ltr\" align=\"justify\"><strong>With Allah willing , we design websites with the latest developed global programs to make your site more efficient and attractive. <\/strong><\/p>\n<\/li>\n<li dir=\"ltr\">\n<p dir=\"ltr\" align=\"justify\"><strong>We seek to provide excellent services at competitive prices.<\/strong><\/p>\n<\/li>\n<\/ul>\n<\/div>\n<\/div><\/div><\/div><\/div><div id=\"pg-13-5\"  class=\"panel-grid panel-no-style\" ><div id=\"pgc-13-5-0\"  class=\"panel-grid-cell\" ><div id=\"panel-13-5-0-0\" class=\"so-panel widget widget_phpeverywherewidget phpeverywherewidget panel-first-child panel-last-child\" data-index=\"5\" ><h3 class=\"widget-title\"> <\/h3><div>\n<blockquote><p dir=\"RTL\" style=\"text-align:justify\"><span style=\"font-family:&quot;Adobe &#1606;&#1587;&#1582; Medium&quot;; font-size:18.0pt\">&#1575;&#1604;&#1587;&#1615;&#1606;&#1617;&#1614;&#1577;&#1615; &#1575;&#1604;&#1606;&#1576;&#1608;&#1610;&#1577; &#1587;&#1601;&#1610;&#1606;&#1577; &#1575;&#1604;&#1606;&#1580;&#1575;&#1577; &#1608;&#1576;&#1585; &#1575;&#1604;&#1571;&#1605;&#1575;&#1606;&#1548; &#1608;&#1575;&#1604;&#1573;&#1588;&#1578;&#1594;&#1575;&#1604; &#1576;&#1607;&#1575; &#1576;&#1581;&#1601;&#1592;&#1607;&#1575; &#1571;&#1608; &#1578;&#1593;&#1604;&#1610;&#1605;&#1607;&#1575; &#1571;&#1608; &#1575;&#1604;&#1593;&#1605;&#1604; &#1576;&#1607;&#1575; &#1571;&#1608; &#1606;&#1588;&#1585;&#1607;&#1575; &#1576;&#1610;&#1606; &#1575;&#1604;&#1606;&#1575;&#1587; &#1605;&#1606; &#1571;&#1601;&#1590;&#1604; &#1575;&#1604;&#1602;&#1585;&#1576;&#1575;&#1578; &#1608;&#1575;&#1604;&#1591;&#1575;&#1593;&#1575;&#1578; &#1608;&#1571;&#1601;&#1590;&#1604; &#1608;&#1571;&#1607;&#1605; &#1571;&#1606;&#1608;&#1575;&#1593; &#1575;&#1604;&#1582;&#1610;&#1585; &#1608;&#1570;&#1603;&#1583; &#1575;&#1604;&#1593;&#1576;&#1575;&#1583;&#1575;&#1578; &#1608;&#1571;&#1614;&#1608;&#1604;&#1609; &#1605;&#1575; &#1571;&#1615;&#1606;&#1601;&#1616;&#1602;&#1578; &#1601;&#1610;&#1607; &#1606;&#1601;&#1575;&#1574;&#1587; &#1575;&#1604;&#1571;&#1608;&#1602;&#1575;&#1578;.<\/span><\/p>\n<p dir=\"ltr\" style=\"text-align:justify\"><span style=\"font-size:12pt\"><span style=\"font-family:&quot;Times New Roman&quot;,serif\"><span style=\"font-size:16.0pt\">Peygamberin S&uuml;nneti g&uuml;venlik ve kurtulu&#351; gemisidir. Onun ile u&#287;ra&#351;mak, ezberlemek, &ouml;&#287;renmek, uygulamak ya da insanlar i&ccedil;inde yay&#305;lmas&#305;na &ccedil;al&#305;&#351;mak en iyi en iyi uygulamalardan, en iyi ve en &ouml;nemli ibadet t&uuml;rlerinden ve en iyi fedak&acirc;rl&#305;klardan biridir. Ve en &ouml;nemli zamanlar&#305;n harcanaca&#287;&#305; en de&#287;erli vakitlerdir.<\/span><\/span><\/span><\/p>\n<p dir=\"ltr\" style=\"text-align:justify\"><span style=\"font-size:12pt\"><span style=\"font-family:&quot;Times New Roman&quot;,serif\"><span style=\"font-size:16.0pt\">The Prophet&#39;s Sunnah is the life-saving and safety vessel, and the <\/span><span style=\"font-size:16.0pt\">working on it by memorizing, teaching, applying, or sharing it among people is one of the best sacrifices and forms&nbsp;of&nbsp;obedience, and the best and most important types of good, and most asserting acts of worship, and most adequate to spend the precious times on it.<\/span><\/span><\/span><\/p>\n<\/blockquote><br><hr><\/div>\n\n\n<div>\n<div><a href=\"https:\/\/abs.jasimabed.com\/index_trl.php#TurkishLearning\" target=\"_blank\">\n<img decoding=\"async\" src=\"https:\/\/abs.jasimabed.com\/topimftrl.jpg\" style=\"top:0px;\" alt=\"\" width=\"100%\" \/>\n<\/a><\/div>\n<div dir=\"ltr\">https:\/\/abs.jasimabed.com<\/div>\n<div><a href=\"https:\/\/abs.jasimabed.com\/index_trl.php\" target=\"_blank\">\u0645\u0646\u0627\u0647\u062c \u0648\u0645\u0624\u0644\u0641\u0627\u062a \u0648\u0643\u062a\u0628 \u0648\u062f\u0648\u0631\u0627\u062a \u0644\u062a\u0639\u0644\u0651\u0645 \u0648\u062a\u0639\u0644\u064a\u0645 \u0627\u0644\u0644\u0651\u063a\u0629 \u0627\u0644\u062a\u0651\u0631\u0643\u064a\u0651\u0629<\/a><\/div>\n<div><a href=\"https:\/\/abs.jasimabed.com\/index_trl.php#TurkishLearning\" target=\"_blank\">\nT\u00fcrk\u00e7e:<br>\n\u0627\u0644\u0645\u0635\u0627\u062f\u0631 \u0648\u0627\u0644\u0645\u0631\u0627\u062c\u0639 \u0648\u0627\u0644\u0643\u062a\u0628 \u0648\u0627\u0644\u0635\u0648\u062a\u064a\u0627\u062a <br> Kaynaklar, referanslar, kitaplar ve sesler <br> Sources, references, books and audios\n<br>\n\t\u0645\u0646\u0627\u0647\u062c \u0648\u0645\u0624\u0644\u0641\u0627\u062a \u0648\u0643\u062a\u0628 \u0648\u062f\u0648\u0631\u0627\u062a \u0644\u062a\u0639\u0644\u0651\u0645 \u0648\u062a\u0639\u0644\u064a\u0645 \u0627\u0644\u0644\u0651\u063a\u0629 \u0627\u0644\u062a\u0651\u0631\u0643\u064a\u0651\u0629<\/a><\/div>\n<br>\n<div><a href=\"https:\/\/www.youtube.com\/channel\/UCR28-cJIy_O0LsBQ9D6Yo1g\" target=\"_blank\">\n<img decoding=\"async\" src=\"https:\/\/jasimabed.com\/mybooks\/youtube.jpg\"  style=\"top:0px;\" alt=\"\" width=\"100%\" \/>\n\u062a\u0627\u0628\u0639\u0648\u0627 \u0627\u0644\u0642\u0646\u0627\u0629 \u0648\u0627\u0634\u062a\u0631\u0643\u0648\u0627 \u0644\u064a\u0635\u0644\u0643\u0645 \u062c\u062f\u064a\u062f\u0646\u0627 .....<br>\nEn son haberlerimizi almak i\u00e7in kanal\u0131 takip edin ve abone olun .....<br>\nFollow the channel and subscribe to receive our latest news.....<br>\n<\/a><\/div>\t\n\t\n<\/div>\n\n<\/div><\/div><\/div><div id=\"pg-13-6\"  class=\"panel-grid panel-no-style\" ><div id=\"pgc-13-6-0\"  class=\"panel-grid-cell\" ><div id=\"panel-13-6-0-0\" class=\"widget_text so-panel widget widget_custom_html panel-first-child panel-last-child\" data-index=\"6\" ><div class=\"textwidget custom-html-widget\"><div>\n<div><a href=\"https:\/\/iyit.jasimabed.com\/?BN=A1&IYIT=10000\" target=\"_blank\">\n<img decoding=\"async\" src=\"https:\/\/iyit.jasimabed.com\/simages\/0e56b120e66d72e2a2ba1161d5f03ee9.jpg\" style=\"top:0px;\" alt=\"\" width=\"100%\" \/>\n<\/a><\/div>\n<div dir=\"ltr\">iyit.jasimabed.com<\/div>\n<div><a href=\"https:\/\/iyit.jasimabed.com\" target=\"_blank\">&#304;stanbul Yabanc&#305;lar &#304;\u00e7in T\u00fcrk\u00e7e A1.<\/a><\/div>\n<div dir=\"rtl\"><a href=\"https:\/\/iyit.jasimabed.com\/?BN=A1&IYIT=10000\" target=\"_blank\">\n&#1575;&#1604;&#1605;&#1589;&#1575;&#1583;&#1585; &#1608;&#1575;&#1604;&#1605;&#1585;&#1575;&#1580;&#1593; &#1608;&#1575;&#1604;&#1603;&#1578;&#1576; &#1608;&#1575;&#1604;&#1589;&#1608;&#1578;&#1610;&#1575;&#1578; - Kaynaklar, referanslar, kitaplar ve sesler - Sources, references, books and audios\n<\/a><\/div>\n<\/div> <\/div><\/div><\/div><\/div><\/div>","protected":false},"excerpt":{"rendered":"<div class=\"mh-excerpt\"><p>\u0645\u062e\u062a\u0627\u0631\u0627\u062a &#8211; Se&ccedil;ilmi&#351; &#8211; Selections Do you want to get a great web site and attractive that expressed about you or your company and designed <a class=\"mh-excerpt-more\" href=\"https:\/\/alhudainfotech.com\/?page_id=13&#038;lang=en\" title=\"Home Page\">[&#8230;]<\/a><\/p>\n<\/div>","protected":false},"author":1,"featured_media":0,"parent":0,"menu_order":0,"comment_status":"closed","ping_status":"open","template":"","meta":{"footnotes":""},"class_list":["post-13","page","type-page","status-publish","hentry"],"_links":{"self":[{"href":"https:\/\/alhudainfotech.com\/index.php?rest_route=\/wp\/v2\/pages\/13","targetHints":{"allow":["GET"]}}],"collection":[{"href":"https:\/\/alhudainfotech.com\/index.php?rest_route=\/wp\/v2\/pages"}],"about":[{"href":"https:\/\/alhudainfotech.com\/index.php?rest_route=\/wp\/v2\/types\/page"}],"author":[{"embeddable":true,"href":"https:\/\/alhudainfotech.com\/index.php?rest_route=\/wp\/v2\/users\/1"}],"replies":[{"embeddable":true,"href":"https:\/\/alhudainfotech.com\/index.php?rest_route=%2Fwp%2Fv2%2Fcomments&post=13"}],"version-history":[{"count":22,"href":"https:\/\/alhudainfotech.com\/index.php?rest_route=\/wp\/v2\/pages\/13\/revisions"}],"predecessor-version":[{"id":1142,"href":"https:\/\/alhudainfotech.com\/index.php?rest_route=\/wp\/v2\/pages\/13\/revisions\/1142"}],"wp:attachment":[{"href":"https:\/\/alhudainfotech.com\/index.php?rest_route=%2Fwp%2Fv2%2Fmedia&parent=13"}],"curies":[{"name":"wp","href":"https:\/\/api.w.org\/{rel}","templated":true}]}}