{"id":134,"date":"2016-05-31T22:28:12","date_gmt":"2016-05-31T19:28:12","guid":{"rendered":"http:\/\/alhudainfotech.com\/?page_id=134"},"modified":"2016-05-31T22:28:49","modified_gmt":"2016-05-31T19:28:49","slug":"bize-reklam-verin","status":"publish","type":"page","link":"https:\/\/alhudainfotech.com\/?page_id=134&lang=tr","title":{"rendered":"Bize reklam verin"},"content":{"rendered":"<h2 style=\"text-align: center;\"><span style=\"color: #ff0000;\"><strong>Web sayfalar\u0131nda reklam<\/strong><\/span><\/h2>\n<ul>\n<li><strong> <span id=\"result_box\" lang=\"tr\"> <span class=\"hps\">Reklam<\/span> <span class=\"hps\">dosya<\/span> <span class=\"hps\">formatlar\u0131 biridir<\/span>: Flash <span class=\"hps\">&#8211;<\/span> <span class=\"hps\">GIF<\/span> <span class=\"hps\">&#8211;<\/span> <span class=\"hps\">JPG<\/span> <span class=\"hps\">ve<\/span> <span class=\"hps\">ba\u011flant\u0131lar\u0131 olmadan<\/span>. <\/span><\/strong><\/li>\n<li><strong> <span id=\"result_box\" lang=\"tr\"> <span class=\"hps\">Maksimum dosya<\/span> <span class=\"hps\">boyutu 50<\/span> <span class=\"hps\">KB<\/span>. <\/span><\/strong><\/li>\n<li><strong> <span id=\"result_box\" lang=\"tr\"> <span class=\"hps\">Dikkate<\/span> <span class=\"hps\">fiyatland\u0131rma<\/span> <span class=\"hps\">de\u011fi\u015fimi<\/span> <span class=\"hps\">alarak<\/span>, <span class=\"hps\">m\u00fc\u015fteri<\/span> <span class=\"hps\">istek ba\u015f\u0131na<\/span> <span class=\"hps\">reklam<\/span> <span class=\"hps\">y\u00fcksekli\u011fini<\/span> <span class=\"hps\">art\u0131rabilir.<\/span> <\/span><\/strong><\/li>\n<li><strong> <span id=\"result_box\" lang=\"tr\"> <span class=\"hps\">Ilan edilecek<\/span> <span class=\"hps\">site ve<\/span> <span class=\"hps\">sitenin<\/span> <span class=\"hps\">ad\u0131n\u0131n<\/span> <span class=\"hps\">m\u00fc\u015fteri<\/span> <span class=\"hps\">bir<\/span> <span class=\"hps\">URL ba\u011flant\u0131s\u0131n\u0131<\/span> <span class=\"hps\">g\u00f6ndermek i\u00e7in<\/span>. <\/span><\/strong><\/li>\n<li><strong> <span id=\"result_box\" lang=\"tr\"> Reklamveren <span class=\"hps\">\u0130zlenme<\/span> <span class=\"hps\">ve<\/span> <span class=\"hps\">say\u0131s\u0131n\u0131<\/span> <span class=\"hps\">duyuru \u00fczerine<\/span> <span class=\"hps\">bask\u0131<\/span> <span class=\"hps\">istatistiklerin<\/span> <span class=\"hps\">ile sa\u011flan\u0131r.<\/span> <\/span><\/strong><\/li>\n<li><strong> <span id=\"result_box\" lang=\"tr\"><span class=\"hps\"><span id=\"result_box\" class=\"\" lang=\"tr\">Biz onlar bize gerekli resim g\u00f6nderme ve tasar\u0131m maliyeti ve bir s\u00fcre eklenecektir \u015fart\u0131yla istedi\u011fi Y\u00fcce Allah&#8217;\u0131n yard\u0131m\u0131 <span class=\"\">tasarlayabilirsiniz<\/span><\/span><\/span>.<\/span><\/strong><\/li>\n<li><strong> <span id=\"result_box\" lang=\"tr\"> <span class=\"hps\">Pe\u015fin<\/span> <span class=\"hps\">\u00f6demeniz<\/span>. <\/span><\/strong><\/li>\n<li><strong> <span id=\"result_box\" lang=\"tr\"> <span class=\"hps\">Biz<\/span> <span class=\"hps\"> nedenleri<\/span> <span class=\"hps\">yaparak<\/span> <span class=\"hps\"> y\u00fck\u00fcml\u00fcl\u00fc\u011f\u00fc olmaks\u0131z\u0131n<\/span> <span class=\"hps\">herhangi bir<\/span> <span class=\"hps\">reklam<\/span> <span class=\"hps\">reddetme<\/span> <span class=\"hps\">hakk\u0131na sahiptir<\/span>.<\/span><\/strong><\/li>\n<\/ul>\n","protected":false},"excerpt":{"rendered":"<div class=\"mh-excerpt\"><p>Web sayfalar\u0131nda reklam Reklam dosya formatlar\u0131 biridir: Flash &#8211; GIF &#8211; JPG ve ba\u011flant\u0131lar\u0131 olmadan. Maksimum dosya boyutu 50 KB. Dikkate fiyatland\u0131rma de\u011fi\u015fimi alarak, m\u00fc\u015fteri <a class=\"mh-excerpt-more\" href=\"https:\/\/alhudainfotech.com\/?page_id=134&#038;lang=tr\" title=\"Bize reklam verin\">[&#8230;]<\/a><\/p>\n<\/div>","protected":false},"author":1,"featured_media":0,"parent":0,"menu_order":0,"comment_status":"closed","ping_status":"closed","template":"","meta":{"footnotes":""},"class_list":["post-134","page","type-page","status-publish","hentry"],"_links":{"self":[{"href":"https:\/\/alhudainfotech.com\/index.php?rest_route=\/wp\/v2\/pages\/134","targetHints":{"allow":["GET"]}}],"collection":[{"href":"https:\/\/alhudainfotech.com\/index.php?rest_route=\/wp\/v2\/pages"}],"about":[{"href":"https:\/\/alhudainfotech.com\/index.php?rest_route=\/wp\/v2\/types\/page"}],"author":[{"embeddable":true,"href":"https:\/\/alhudainfotech.com\/index.php?rest_route=\/wp\/v2\/users\/1"}],"replies":[{"embeddable":true,"href":"https:\/\/alhudainfotech.com\/index.php?rest_route=%2Fwp%2Fv2%2Fcomments&post=134"}],"version-history":[{"count":1,"href":"https:\/\/alhudainfotech.com\/index.php?rest_route=\/wp\/v2\/pages\/134\/revisions"}],"predecessor-version":[{"id":142,"href":"https:\/\/alhudainfotech.com\/index.php?rest_route=\/wp\/v2\/pages\/134\/revisions\/142"}],"wp:attachment":[{"href":"https:\/\/alhudainfotech.com\/index.php?rest_route=%2Fwp%2Fv2%2Fmedia&parent=134"}],"curies":[{"name":"wp","href":"https:\/\/api.w.org\/{rel}","templated":true}]}}