{"id":146,"date":"2016-05-31T22:40:10","date_gmt":"2016-05-31T19:40:10","guid":{"rendered":"http:\/\/alhudainfotech.com\/?page_id=146"},"modified":"2016-05-31T22:41:24","modified_gmt":"2016-05-31T19:41:24","slug":"hizmetler","status":"publish","type":"page","link":"https:\/\/alhudainfotech.com\/?page_id=146&lang=tr","title":{"rendered":"Hizmetler"},"content":{"rendered":"<p dir=\"ltr\" align=\"left\"><span id=\"result_box\" lang=\"tr\" style=\"font-size: large; color: #008000;\" title=\"Page design and new websites or redesign : \">Domain. <\/span><\/p>\n<p dir=\"ltr\" align=\"left\"><span id=\"result_box\" lang=\"tr\" style=\"font-size: large; color: #008000;\" title=\"Page design and new websites or redesign : \">Bar\u0131nd\u0131rma plan\u0131 \u00f6zelle\u015ftirilmi\u015f.<\/span><\/p>\n<p dir=\"ltr\" align=\"left\"><span id=\"result_box\" lang=\"tr\" style=\"font-size: large; color: #008000;\" title=\"Page design and new websites or redesign : \">Ressler plan\u0131 veya talep \u00fczerine sunucu.<\/span><\/p>\n<p dir=\"ltr\" align=\"left\"><span id=\"result_box\" lang=\"tr\" style=\"font-size: large; color: #008000;\" title=\"Page design and new websites or redesign : \">Sayfa tasar\u0131m\u0131 ve yeni web siteleri veya yeniden :<\/span><\/p>\n<ul dir=\"ltr\">\n<li dir=\"ltr\">\n<p dir=\"ltr\" align=\"left\"><span id=\"result_box\" lang=\"tr\" style=\"font-size: medium; color: #ff0000;\" title=\"Website design and how to navigate between pages. \">Web sitesi tasar\u0131m\u0131 ve nas\u0131l sayfalar\u0131 aras\u0131nda gezinmek i\u00e7in .<\/span><\/p>\n<\/li>\n<li dir=\"ltr\">\n<p dir=\"ltr\" align=\"left\"><span id=\"result_box\" lang=\"tr\" style=\"font-size: medium; color: #ff0000;\" title=\"Adding graphics, images and text \">Ekleme grafik, resim ve metin<\/span><\/p>\n<\/li>\n<li dir=\"ltr\">\n<p dir=\"ltr\" align=\"left\"><span id=\"result_box\" lang=\"tr\" style=\"font-size: medium; color: #ff0000;\" title=\"Programming using HTML, JavaScript, PHP \">Programlama kullanarak HTML , JavaScript , PHP<\/span><\/p>\n<\/li>\n<li dir=\"ltr\">\n<p dir=\"ltr\" align=\"left\"><span id=\"result_box\" lang=\"tr\" style=\"font-size: medium; color: #ff0000;\" title=\"Models (Online Forms). \">Modelleri (Online Formlar ) .<\/span><\/p>\n<\/li>\n<li dir=\"ltr\">\n<p dir=\"ltr\" align=\"left\"><span id=\"result_box\" lang=\"tr\" style=\"font-size: medium; color: #ff0000;\" title=\"The use of databases . \">Veritabanlar\u0131n\u0131n kullan\u0131lmas\u0131.<\/span><\/p>\n<\/li>\n<li dir=\"ltr\">\n<p dir=\"ltr\" align=\"left\"><span id=\"result_box\" lang=\"tr\" style=\"font-size: medium; color: #ff0000;\" title=\"The possibility of making the site multilingual . \">Site \u00e7ok dilli yapmaolas\u0131l\u0131\u011f\u0131 .<\/span><\/p>\n<\/li>\n<li dir=\"ltr\">\n<p dir=\"ltr\" align=\"left\"><span id=\"result_box\" lang=\"tr\" style=\"font-size: medium; color: #ff0000;\" title=\"Linking the site with social networks . \">Sosyal a\u011flar ilesiteyi Ba\u011flama .<\/span><\/p>\n<\/li>\n<li dir=\"ltr\">\n<p dir=\"ltr\" align=\"left\"><span id=\"result_box\" lang=\"tr\" style=\"font-size: medium; color: #ff0000;\" title=\"The ability to add chat services and direct technical support . \">Sohbet hizmetleri ve do\u011frudan teknik deste\u011fi eklemek i\u00e7inyetene\u011fi.<\/span><\/p>\n<\/li>\n<li dir=\"ltr\">\n<p dir=\"ltr\" align=\"left\"><span id=\"result_box\" lang=\"tr\" style=\"font-size: medium; color: #ff0000;\" title=\"Lifting and installing software programs, forums and other necessary services and on-demand . \">Kald\u0131rma ve yaz\u0131l\u0131m programlar\u0131 , forumlar ve di\u011fer gerekli hizmetleri y\u00fckleme ve on-demand .<\/span><\/p>\n<\/li>\n<li dir=\"ltr\">\n<p dir=\"ltr\" align=\"left\"><span id=\"result_box\" lang=\"tr\" style=\"font-size: medium; color: #ff0000;\" title=\"Add your website in the global search engines . \">Global arama motorlar\u0131nda web sitenizi ekleyin .<\/span><\/p>\n<\/li>\n<li dir=\"ltr\">\n<p dir=\"ltr\" align=\"left\"><span id=\"result_box\" lang=\"tr\" style=\"font-size: medium;\" title=\"Register a domain name for your website locally or internationally . \"><span style=\"color: #ff0000;\">Web sitenize yerel veya uluslararas\u0131 bir alan ad\u0131 kayd\u0131.<\/span><br \/>\n<\/span><\/p>\n<\/li>\n<\/ul>\n<p dir=\"ltr\" align=\"left\"><span lang=\"tr\" style=\"color: #008000; font-size: large;\" title=\"Graphic design , logos and photos: \">\u00a0<\/span><\/p>\n<p dir=\"ltr\" align=\"left\"><span id=\"result_box\" lang=\"tr\" style=\"color: #008000; font-size: large;\" title=\"Graphic design , logos and photos: \">Grafik tasar\u0131m , logo ve foto\u011fraflar :<\/span><\/p>\n<ul dir=\"ltr\">\n<li dir=\"ltr\">\n<p dir=\"ltr\" align=\"left\"><span id=\"result_box\" lang=\"tr\" style=\"font-size: medium; color: #ff0000;\" title=\"Interfaces navigate between pages and buttons. \">Aray\u00fczleri sayfalar\u0131 ve d\u00fc\u011fmeler aras\u0131nda gezinmek .<\/span><\/p>\n<\/li>\n<li dir=\"ltr\">\n<p dir=\"ltr\" align=\"left\"><span id=\"result_box\" lang=\"tr\" style=\"font-size: medium; color: #ff0000;\" title=\"Corporate logos . \">Kurumsal logo .<\/span><\/p>\n<\/li>\n<li dir=\"ltr\">\n<p dir=\"ltr\" align=\"left\"><span id=\"result_box\" lang=\"tr\" style=\"font-size: medium; color: #ff0000;\" title=\"Publicity for the site. \">Site i\u00e7in tan\u0131t\u0131m .<\/span><\/p>\n<\/li>\n<li dir=\"ltr\">\n<p dir=\"ltr\" align=\"left\"><span id=\"result_box\" lang=\"tr\" style=\"font-size: medium; color: #ff0000;\" title=\"Animation and three-dimensional . \">Animasyon ve \u00fc\u00e7 boyutlu .<\/span><\/p>\n<\/li>\n<li dir=\"ltr\">\n<p dir=\"ltr\" align=\"left\"><span id=\"result_box\" lang=\"tr\" style=\"font-size: medium;\" title=\"Montage and cutting audiovisual . \"><span style=\"color: #ff0000;\">Montaj ve kesim g\u00f6rsel-i\u015fitsel .\u00a0 <\/span><\/span><span id=\"result_box\" lang=\"tr\"><br \/>\n<span style=\"font-size: large; color: #008000;\" title=\"Site Manager \"><br \/>\n<\/span><\/span><\/p>\n<\/li>\n<\/ul>\n<p dir=\"ltr\" align=\"left\"><span id=\"result_box\" lang=\"tr\"><span style=\"font-size: large; color: #008000;\" title=\"Site Manager \">Site Y\u00f6neticisi : <\/span><span style=\"font-size: medium;\" title=\"If you do not have enough time to manage and update the contents of your site ,With Allah willing we have the possibility of : \">E\u011fer istekli Allah ile , sitenizini\u00e7eri\u011fini y\u00f6netmek ve g\u00fcncellemek i\u00e7in yeterli zaman yoksa bizimkan\u0131n\u0131z var :<\/span><\/span><\/p>\n<ul dir=\"ltr\">\n<li dir=\"ltr\">\n<p dir=\"ltr\" align=\"left\"><span id=\"result_box\" lang=\"tr\" style=\"font-size: medium; color: #ff0000;\" title=\"Reload this website data with the work to ensure the continuity of his work properly and without interruption for any emergency reason . \">D\u00fczg\u00fcn ve herhangi bir acil nedenle kesintisiz yapt\u0131\u011f\u0131 i\u015fins\u00fcreklili\u011fini sa\u011flamak i\u00e7in\u00e7al\u0131\u015fmalar\u0131 ile bu web sitesi verileri g\u00fcncelle .<\/span><\/p>\n<\/li>\n<\/ul>\n<ul dir=\"ltr\">\n<li dir=\"ltr\">\n<p dir=\"ltr\" align=\"left\"><span id=\"result_box\" lang=\"tr\" style=\"font-size: medium; color: #ff0000;\" title=\"Taking backups of files and databases periodically . \">Periyodik olarak dosya ve veritaban\u0131 yedeklerini alarak .<\/span><\/p>\n<\/li>\n<li dir=\"ltr\">\n<p dir=\"ltr\" align=\"left\"><span id=\"result_box\" lang=\"tr\" style=\"font-size: medium; color: #ff0000;\" title=\"Interaction with visitors and inquiries and suggestions.\">Ziyaret\u00e7i ve sorular ve \u00f6nerileri ile Etkile\u015fim .<\/span><\/p>\n<\/li>\n<\/ul>\n","protected":false},"excerpt":{"rendered":"<div class=\"mh-excerpt\"><p>Domain. Bar\u0131nd\u0131rma plan\u0131 \u00f6zelle\u015ftirilmi\u015f. Ressler plan\u0131 veya talep \u00fczerine sunucu. Sayfa tasar\u0131m\u0131 ve yeni web siteleri veya yeniden : Web sitesi tasar\u0131m\u0131 ve nas\u0131l sayfalar\u0131 <a class=\"mh-excerpt-more\" href=\"https:\/\/alhudainfotech.com\/?page_id=146&#038;lang=tr\" title=\"Hizmetler\">[&#8230;]<\/a><\/p>\n<\/div>","protected":false},"author":1,"featured_media":0,"parent":0,"menu_order":0,"comment_status":"closed","ping_status":"closed","template":"","meta":{"footnotes":""},"class_list":["post-146","page","type-page","status-publish","hentry"],"_links":{"self":[{"href":"https:\/\/alhudainfotech.com\/index.php?rest_route=\/wp\/v2\/pages\/146","targetHints":{"allow":["GET"]}}],"collection":[{"href":"https:\/\/alhudainfotech.com\/index.php?rest_route=\/wp\/v2\/pages"}],"about":[{"href":"https:\/\/alhudainfotech.com\/index.php?rest_route=\/wp\/v2\/types\/page"}],"author":[{"embeddable":true,"href":"https:\/\/alhudainfotech.com\/index.php?rest_route=\/wp\/v2\/users\/1"}],"replies":[{"embeddable":true,"href":"https:\/\/alhudainfotech.com\/index.php?rest_route=%2Fwp%2Fv2%2Fcomments&post=146"}],"version-history":[{"count":3,"href":"https:\/\/alhudainfotech.com\/index.php?rest_route=\/wp\/v2\/pages\/146\/revisions"}],"predecessor-version":[{"id":149,"href":"https:\/\/alhudainfotech.com\/index.php?rest_route=\/wp\/v2\/pages\/146\/revisions\/149"}],"wp:attachment":[{"href":"https:\/\/alhudainfotech.com\/index.php?rest_route=%2Fwp%2Fv2%2Fmedia&parent=146"}],"curies":[{"name":"wp","href":"https:\/\/api.w.org\/{rel}","templated":true}]}}