{"id":2,"date":"2016-05-09T18:05:50","date_gmt":"2016-05-09T15:05:50","guid":{"rendered":"http:\/\/alhudainfotech.com\/?page_id=2"},"modified":"2025-12-19T00:29:31","modified_gmt":"2025-12-18T21:29:31","slug":"%d8%a7%d9%84%d8%b5%d9%81%d8%ad%d8%a9-%d8%a7%d9%84%d8%b1%d8%a6%d9%8a%d8%b3%d9%8a%d8%a9","status":"publish","type":"page","link":"https:\/\/alhudainfotech.com\/?page_id=2&lang=ar","title":{"rendered":"\u0627\u0644\u0635\u0641\u062d\u0629 \u0627\u0644\u0631\u0626\u064a\u0633\u064a\u0629"},"content":{"rendered":"<div id=\"pl-2\"  class=\"panel-layout panel-is-rtl\" ><div id=\"pg-2-0\"  class=\"panel-grid panel-no-style\" ><div id=\"pgc-2-0-0\"  class=\"panel-grid-cell\" ><div id=\"panel-2-0-0-0\" class=\"so-panel widget widget_phpeverywherewidget phpeverywherewidget panel-first-child panel-last-child\" data-index=\"0\" ><h3 class=\"widget-title\"> <\/h3><div align=\"center\"><table id=\"jmasbaswidth57\" border=\"0\" width=\"100%\" cellspacing=\"0\" cellpadding=\"0\"><tr><td><\/td><\/tr><\/table>\r\n<p id=\"demo\"  style=\"display:none;\"><\/p><span style=\"font-size:13.0pt;\" dir=\"rtl\">\u0645\u062e\u062a\u0627\u0631\u0627\u062a - Se&ccedil;ilmi&#351; - Selections<\/span><br>\r\n<iframe id=\"jmayotuif57\" src=\"https:\/\/abs.jasimabed.com\/video\/?ytv=VRD8xg8VUlw\" style=\"display: block; height: 320; width: 565; border: none; background: #DBE4D1;\" frameborder=\"0\" loading=\"lazy\" allow=\"accelerometer; clipboard-write; encrypted-media; gyroscope; picture-in-picture; web-share\" referrerpolicy=\"strict-origin-when-cross-origin\" allowfullscreen><\/iframe>\r\n<\/div><script>\r\nlet jmastTmsv057;\r\nfunction jmastTmsv157() {\r\njmastTmsv057 = setInterval(function () {\r\nvar rat = screen.availWidth \/ screen.availHeight ;\r\nvar brat = 1920 \/ 1080 ;\r\nvar binw = jmasbaswidth57.offsetWidth ;\r\nvar bvw = binw ; \/\/window.innerWidth  ; window.innerWidth\r\nlet bvh = Math.floor(binw  * 1080 \/ 1920) ;\r\nlet bvho = window.innerHeight ;\r\nlet bvhd = bvh - bvho ;\r\nvar bvw2 = bvw ;\r\nvar bvh2 = bvh ;\r\nif( bvhd > 0 )\r\n\t{\r\n        var bvw2 = Math.floor(window.innerHeight * 1920 \/ 1080) ;\r\n        var bvh2 = window.innerHeight ;\r\n        }\r\ndocument.getElementById(\"demo\").innerHTML = jmasbaswidth57.offsetWidth + \"<hr>\" + bvw2 + 'X' + bvh2 ; \/\/\"Video W= \" +  bvw + \" X H= \" +  bvh   + '<hr>' + bvho + '<hr>' + bvhd + '  ' + '==>' + '  ' + bvw2 + '  ' + bvh2  ;  \/\/  \"Rat. :\" + rat + ' ; ' + \"BRat : \" + brat + \"Screen Width: \" + screen.width + ' ; ' + \"Screen Height: \" + screen.height + ' ; ' + \/\/\"Screen Avail Width: \" + screen.availWidth + ' ; ' + \/\/\"Screen Avail Height: \" + screen.availHeight + ' ; ' +  '<hr>' +  \/\/ \/\/\r\ndocument.getElementById(\"jmayotuif57\").style.width  = bvw2 + \"px\" ;\r\ndocument.getElementById(\"jmayotuif57\").style.height = bvh2 + \"px\" ;\r\n}, 500); }\r\njmastTmsv157() ;\r\n<\/script>\r\n\r\n<\/div><\/div><\/div><div id=\"pg-2-1\"  class=\"panel-grid panel-no-style\" ><div id=\"pgc-2-1-0\"  class=\"panel-grid-cell\" ><div id=\"panel-2-1-0-0\" class=\"so-panel widget widget_phpeverywherewidget phpeverywherewidget panel-first-child panel-last-child\" data-index=\"1\" ><h3 class=\"widget-title\"> <\/h3><br><br><iframe src=\"https:\/\/jasimabed.com\/myapp.php\" style=\"display: block;  height: 500vh; width: 100%;  border: none;  background: lightyellow;\"><\/iframe><br><br><\/div><\/div><\/div><div id=\"pg-2-2\"  class=\"panel-grid panel-no-style\" ><div id=\"pgc-2-2-0\"  class=\"panel-grid-cell\" ><div id=\"panel-2-2-0-0\" class=\"so-panel widget widget_phpeverywherewidget phpeverywherewidget panel-first-child panel-last-child\" data-index=\"2\" ><h3 class=\"widget-title\"> <\/h3><h1><iframe loading=\"lazy\" frameborder=\"0\" height=\"382\" scrolling=\"no\" src=\"https:\/\/www.jasimabed.com\/?embed=true#?secret=xJTJ4p8Iir#?secret=TScaAlWkTo\" title=\"\u201c\u0627\u0644\u0635\u0641\u062d\u0629 \u0627\u0644\u0631\u0626\u064a\u0633\u064a\u0629\u201d \u2014 \u0627\u0644\u0645\u0647\u0646\u062f\u0633: \u062c\u0627\u0633\u0645 \u0645\u062d\u0645\u062f \u0639\u0628\u062f\" width=\"600\"><\/iframe><\/h1>\n<\/div><\/div><\/div><div id=\"pg-2-3\"  class=\"panel-grid panel-no-style\" ><div id=\"pgc-2-3-0\"  class=\"panel-grid-cell\" ><div id=\"panel-2-3-0-0\" class=\"so-panel widget widget_phpeverywherewidget phpeverywherewidget panel-first-child panel-last-child\" data-index=\"3\" ><h3 class=\"widget-title\"> <\/h3><div width=\"100%\"><div align=\"center\">\r\n<div align=\"center\">\r\n              <iframe id=\"jmayotuif\" src=\"https:\/\/abs.jasimabed.com\/video\/?ytv=JJ8Rnco5is8\" style=\"display: block; height: 360px; width: 640px; border: none; background: #DBE4D1;\" allowfullscreen><\/iframe>\r\n              <\/div><!--<p id=\"demo\"><\/p>-->\r\n<script>\r\nlet jmastartTimer0;\r\nfunction jmastartTimer1() {\r\njmastartTimer0 = setInterval(function () {\r\nvar rat = screen.availWidth \/ screen.availHeight ;\r\nvar brat = 1920 \/ 1080 ;\r\nvar binw = jmasbaswidth.offsetWidth ;\r\nvar bvw = binw ; \/\/window.innerWidth  ; window.innerWidth\r\nlet bvh = Math.floor(binw  * 1080 \/ 1920) ;\r\nlet bvho = window.innerHeight ;\r\nlet bvhd = bvh - bvho ;\r\nvar bvw2 = bvw ;\r\nvar bvh2 = bvh ;\r\nif( bvhd > 0 )\r\n\t{\r\n        var bvw2 = Math.floor(window.innerHeight * 1920 \/ 1080) ;\r\n        var bvh2 = window.innerHeight ;\r\n        }\r\n\/\/document.getElementById(\"demo\").innerHTML = jmasbaswidth.offsetWidth + \"<hr>\" + bvw2 + 'X' + bvh2 ; \/\/\"Video W= \" +  bvw + \" X H= \" +  bvh   + '<hr>' + bvho + '<hr>' + bvhd + '  ' + '==>' + '  ' + bvw2 + '  ' + bvh2  ;  \/\/  \"Rat. :\" + rat + ' ; ' + \"BRat : \" + brat + \"Screen Width: \" + screen.width + ' ; ' + \"Screen Height: \" + screen.height + ' ; ' + \/\/\"Screen Avail Width: \" + screen.availWidth + ' ; ' + \/\/\"Screen Avail Height: \" + screen.availHeight + ' ; ' +  '<hr>' +  \/\/ \/\/\r\ndocument.getElementById(\"jmayotuif\").style.width  = bvw2 + \"px\" ;\r\ndocument.getElementById(\"jmayotuif\").style.height = bvh2 + \"px\" ;\r\n}, 500); }\r\njmastartTimer1() ;\r\n<\/script>\r\n<\/div><\/div>\r\n<\/div><\/div><\/div><div id=\"pg-2-4\"  class=\"panel-grid panel-no-style\" ><div id=\"pgc-2-4-0\"  class=\"panel-grid-cell\" ><div id=\"panel-2-4-0-0\" class=\"so-panel widget widget_sow-editor panel-first-child panel-last-child\" data-index=\"4\" ><div\n\t\t\t\n\t\t\tclass=\"so-widget-sow-editor so-widget-sow-editor-base\"\n\t\t\t\n\t\t>\n<div class=\"siteorigin-widget-tinymce textwidget\">\n\t<ul style=\"text-align: justify;\">\n<li dir=\"rtl\"><span dir=\"rtl\" style=\"font-size: xx-large; font-family: arial,helvetica,sans-serif; color: #ff0000;\"><strong>\u0647\u0644 \u062a\u0631\u064a\u062f<span lang=\"ar-iq\"> \u0627\u0644\u062d\u0635\u0648\u0644 \u0639\u0644\u0649<\/span> \u0645\u0648\u0642\u0639<span lang=\"ar-iq\"> \u0639\u0644\u0649 \u0634\u0628\u0643\u0629 \u0627\u0644\u0627\u0646\u062a\u0631\u0646\u064a\u062a<\/span> \u0631\u0627\u0626\u0639 \u0648\u062c\u0630\u0627\u0628 <span lang=\"ar-iq\">\u064a\u0639\u0628\u0631 \u0639\u0646\u0643 \u0623\u0648 \u0639\u0646 \u0634\u0631\u0643\u062a\u0643 \u0648<\/span>\u0645\u0635\u0645\u0645 \u0628\u0623\u062d\u062f\u062b \u0628\u0631\u0627\u0645\u062c \u0627\u0644\u062a\u0635\u0645\u064a\u0645 \u061f<\/strong><\/span><\/li>\n<li dir=\"rtl\"><span dir=\"rtl\" style=\"font-size: xx-large; font-family: arial,helvetica,sans-serif; color: #ff0000;\"><strong>\u0647\u0644 \u062a\u0631\u063a\u0628 \u0628\u062a\u0637\u0648\u064a\u0631 \u0645\u0648\u0642\u0639\u0643 <span lang=\"ar-iq\">\u0646\u062d\u0648 \u0627\u0644\u0623\u0641\u0636\u0644<\/span> \u061f<\/strong><\/span><\/li>\n<li dir=\"rtl\"><span dir=\"rtl\" style=\"font-size: xx-large; font-family: arial,helvetica,sans-serif; color: #008000;\"><strong>\u062f\u0639\u0646\u0627 \u0646\u0639\u0628\u0631 \u0639\u0646 \u0623\u0641\u0643\u0627\u0631\u0643 \u0628\u062a\u0635\u0645\u064a\u0645 \u0645\u0648\u0642\u0639\u0643 \u0639\u0644\u0649 \u0627\u0644\u0627\u0646\u062a\u0631\u0646\u062a ...<\/strong><\/span><\/li>\n<li dir=\"rtl\"><span dir=\"rtl\" style=\"font-size: xx-large; font-family: arial,helvetica,sans-serif;\"><strong><span lang=\"ar-iq\">\u0628\u0645\u0634\u064a\u0626\u0629 \u0627\u0644\u0644\u0647 \u062a\u0639\u0627\u0644\u0649 <\/span><span lang=\"en-us\">\u0646\u062d\u0646 \u0646\u0642\u0648\u0645 \u0628\u062a\u0635\u0645\u064a\u0645 \u0627\u0644\u0645\u0648\u0627\u0642\u0639 \u0628\u0623\u062d\u062f\u062b \u0627\u0644\u0628\u0631\u0627\u0645\u062c \u0627\u0644\u0639\u0627\u0644\u0645\u064a\u0629 \u0627\u0644\u0645\u062a\u0637\u0648\u0631\u0629<\/span> \u0644\u062c\u0639\u0644 \u0645\u0648\u0642\u0639\u0643 \u0623\u0643\u062b\u0631 \u0643\u0641\u0627\u0621\u0629 \u0648\u062c\u0627\u0630\u0628\u064a\u0629 <span lang=\"ar-iq\">.<\/span><\/strong><\/span><\/li>\n<li dir=\"rtl\"><span dir=\"rtl\" style=\"font-size: xx-large; font-family: arial,helvetica,sans-serif;\"><strong><span lang=\"ar-iq\">\u0646\u0633\u0639\u0649 <\/span>\u0644\u062a\u0642\u062f\u064a\u0645 \u062e\u062f\u0645\u0627\u062a \u0645\u062a\u0645\u064a\u0632\u0629 \u0628\u0623\u0633\u0639\u0627\u0631 \u0645\u0646\u0627\u0641\u0633\u0629.<br \/> <\/strong><\/span><\/li>\n<\/ul>\n<\/div>\n<\/div><\/div><\/div><\/div><div id=\"pg-2-5\"  class=\"panel-grid panel-no-style\" ><div id=\"pgc-2-5-0\"  class=\"panel-grid-cell\" ><div id=\"panel-2-5-0-0\" class=\"so-panel widget widget_phpeverywherewidget phpeverywherewidget panel-first-child panel-last-child\" data-index=\"5\" ><h3 class=\"widget-title\"> <\/h3><div>\n<blockquote><p><strong>\n<span lang=\"AR-SA\" dir=\"RTL\" style=\"font-size: 18.0pt; font-family: Adobe &#1606;&#1587;&#1582; Medium\">\n&#1575;&#1604;&#1604;&#1617;&#1614;&#1607;&#1615;&#1605;&#1617;&#1614;<\/span><span lang=\"AR-SA\" style=\"font-size: 18.0pt; font-family: Adobe &#1606;&#1587;&#1582; Medium\">\n<span dir=\"RTL\">&#1589;&#1604;&#1617;&#1616;<\/span> <span dir=\"RTL\">&#1593;&#1614;&#1604;&#1614;&#1609;<\/span> <span dir=\"RTL\">\n&#1605;&#1615;&#1581;&#1614;&#1605;&#1617;&#1614;&#1583;&#1613;<\/span> <span dir=\"RTL\">&#1608;&#1614;&#1593;&#1614;&#1604;&#1614;&#1609; &#1570;&#1604;&#1616;<\/span> <span dir=\"RTL\">&#1605;&#1615;&#1581;&#1614;&#1605;&#1617;&#1614;&#1583;&#1613;&#1548;<\/span>\n<span dir=\"RTL\">&#1603;&#1614;&#1605;&#1614;&#1575;<\/span> <span dir=\"RTL\">&#1589;&#1614;&#1604;&#1617;&#1614;&#1610;&#1618;&#1578;&#1614;<\/span> <span dir=\"RTL\">\n&#1593;&#1604;&#1614;&#1609;<\/span> <span dir=\"RTL\">&#1573;&#1616;&#1576;&#1618;&#1585;&#1614;&#1575;&#1607;&#1616;&#1610;&#1605;&#1614;<\/span> <span dir=\"RTL\">&#1573;&#1616;&#1606;&#1617;&#1614;&#1603;&#1614;<\/span>\n<span dir=\"RTL\">&#1581;&#1614;&#1605;&#1616;&#1610;&#1583;&#1612;<\/span> <span dir=\"RTL\">&#1605;&#1614;&#1580;&#1616;&#1610;&#1583;&#1548;<\/span> <span dir=\"RTL\">\n&#1608;&#1614;&#1576;&#1614;&#1575;&#1585;&#1616;&#1603;&#1618;<\/span> <span dir=\"RTL\">&#1593;&#1614;&#1604;&#1614;&#1609; &#1605;&#1615;&#1581;&#1614;&#1605;&#1617;&#1614;&#1583;&#1613; &#1608;&#1614;&#1593;&#1614;&#1604;&#1614;&#1609;<\/span> <span dir=\"RTL\">\n&#1570;&#1604;&#1616;<\/span> <span dir=\"RTL\">&#1605;&#1615;&#1581;&#1614;&#1605;&#1617;&#1614;&#1583;&#1613;&#1548;<\/span> <span dir=\"RTL\">&#1603;&#1614;&#1605;&#1614;&#1575;<\/span>\n<span dir=\"RTL\">&#1576;&#1614;&#1575;&#1585;&#1614;&#1603;&#1618;&#1578;&#1614;<\/span> <span dir=\"RTL\">&#1593;&#1604;&#1614;&#1609;<\/span> <span dir=\"RTL\">\n&#1573;&#1616;&#1576;&#1618;&#1585;&#1614;&#1575;&#1607;&#1616;&#1610;&#1605;&#1614;<\/span> <span dir=\"RTL\">&#1573;&#1616;&#1606;&#1617;&#1614;&#1603;&#1614;<\/span> <span dir=\"RTL\">&#1581;&#1614;&#1605;&#1616;&#1610;&#1583;&#1612;<\/span>\n<span dir=\"RTL\">&#1605;&#1614;&#1580;&#1616;&#1610;&#1583;&#1612;.<\/span><\/span><span dir=\"RTL\"><span style=\"font-size: 18.0pt; font-family: Adobe &#1606;&#1587;&#1582; Medium\"> <\/span><\/span><\/strong>\n<span lang=\"AR-SA\" style=\"font-size:12.0pt;font-family:&quot;Adobe &#1606;&#1587;&#1582; Medium&quot;\">\n&#1585;&#1608;&#1575;&#1607; &#1575;&#1604;&#1576;&#1582;&#1575;&#1585;&#1610; &#1576;&#1585;&#1602;&#1605; (3370) &#1608;&#1605;&#1587;&#1604;&#1605; &#1576;&#1585;&#1602;&#1605; (406).<\/span><\/p>\n<p dir=\"ltr\" style=\"text-align:justify\"><span style=\"font-size:12pt\"><span style=\"font-family:&quot;Times New Roman&quot;,serif\"><span style=\"font-size:16.0pt\">Allah&#305;m! &#304;brahim&#39;e rahmet ve ma&#287;firet eyledi&#287;in gibi, Muhammed&#39;e ve &acirc;ilesine de rahmet ve ma&#287;firet eyle. Do&#287;rusu sen, &ouml;vg&uuml;ye en l&acirc;y&#305;k olans&#305;n, y&uuml;cesin. Allah&#305;m! &#304;brahim&#39;e hay&#305;r ve bereketler ihs&acirc;n etti&#287;in gibi, Muhammed&#39;e ve &acirc;ilesine de hay&#305;r ve bereketler ihs&acirc;n eyle. Do&#287;rusu sen, &ouml;vg&uuml;ye en l&acirc;y&#305;k olans&#305;n, y&uuml;cesin. [Buh&acirc;r&icirc;, hadis no.: 3370 ve M&uuml;slim, hadis no.: 405.]\n<br>\n[All&acirc;humme salli al&acirc; Muhammedin ve al&acirc; &acirc;li Muhammedin kem&acirc; salleyte al&acirc; &#304;br&acirc;h&icirc;me inneke ham&icirc;dun mec&icirc;d. All&acirc;humme b&acirc;rik al&acirc; Muhammedin ve al&acirc; &acirc;li Muhammedin kem&acirc; b&acirc;rakte al&acirc; &#304;br&acirc;h&icirc;me inneke ham&icirc;dun mec&icirc;d]<\/span><\/span><\/span><\/p>\n<p dir=\"ltr\" style=\"text-align:justify\"><span style=\"font-size: 16.0pt\">O Allah!\nSend Your Mercy on Muhammad and on the family of Muhammad, as You sent Your\nMercy on Abraham, for You are the Most Praise-worthy, the Most Glorious. O\nAllah! Send Your Blessings on Muhammad and the family of Muhammad, as You sent\nyour Blessings on Abraham, for You are the Most Praise-worthy, the Most\nGlorious. [Sahih al-Bukhari: 3370, Sahih Muslim: 405].<br>\n[Allaahuma salli &rsquo;ala Muhammad wa &rsquo;ala aali Muhammed kama salayt &rsquo;ala Ibraaheem, innaka hameedun majeed. Allaahuma baarik &rsquo;ala Muhammad wa &rsquo;ala aali Muhammed kama baarakta &rsquo;ala Ibraaheem, innaka hameedun majeed].<\/span><\/p>\n<\/blockquote><br><hr><\/div>\n\n\n<div>\n<div><a href=\"https:\/\/abs.jasimabed.com\/index_trl.php#TurkishLearning\" target=\"_blank\">\n<img decoding=\"async\" src=\"https:\/\/abs.jasimabed.com\/topimftrl.jpg\" style=\"top:0px;\" alt=\"\" width=\"100%\" \/>\n<\/a><\/div>\n<div dir=\"ltr\">https:\/\/abs.jasimabed.com<\/div>\n<div><a href=\"https:\/\/abs.jasimabed.com\/index_trl.php\" target=\"_blank\">\u0645\u0646\u0627\u0647\u062c \u0648\u0645\u0624\u0644\u0641\u0627\u062a \u0648\u0643\u062a\u0628 \u0648\u062f\u0648\u0631\u0627\u062a \u0644\u062a\u0639\u0644\u0651\u0645 \u0648\u062a\u0639\u0644\u064a\u0645 \u0627\u0644\u0644\u0651\u063a\u0629 \u0627\u0644\u062a\u0651\u0631\u0643\u064a\u0651\u0629<\/a><\/div>\n<div><a href=\"https:\/\/abs.jasimabed.com\/index_trl.php#TurkishLearning\" target=\"_blank\">\nT\u00fcrk\u00e7e:<br>\n\u0627\u0644\u0645\u0635\u0627\u062f\u0631 \u0648\u0627\u0644\u0645\u0631\u0627\u062c\u0639 \u0648\u0627\u0644\u0643\u062a\u0628 \u0648\u0627\u0644\u0635\u0648\u062a\u064a\u0627\u062a <br> Kaynaklar, referanslar, kitaplar ve sesler <br> Sources, references, books and audios\n<br>\n\t\u0645\u0646\u0627\u0647\u062c \u0648\u0645\u0624\u0644\u0641\u0627\u062a \u0648\u0643\u062a\u0628 \u0648\u062f\u0648\u0631\u0627\u062a \u0644\u062a\u0639\u0644\u0651\u0645 \u0648\u062a\u0639\u0644\u064a\u0645 \u0627\u0644\u0644\u0651\u063a\u0629 \u0627\u0644\u062a\u0651\u0631\u0643\u064a\u0651\u0629<\/a><\/div>\n<br>\n<div><a href=\"https:\/\/www.youtube.com\/channel\/UCR28-cJIy_O0LsBQ9D6Yo1g\" target=\"_blank\">\n<img decoding=\"async\" src=\"https:\/\/jasimabed.com\/mybooks\/youtube.jpg\"  style=\"top:0px;\" alt=\"\" width=\"100%\" \/>\n\u062a\u0627\u0628\u0639\u0648\u0627 \u0627\u0644\u0642\u0646\u0627\u0629 \u0648\u0627\u0634\u062a\u0631\u0643\u0648\u0627 \u0644\u064a\u0635\u0644\u0643\u0645 \u062c\u062f\u064a\u062f\u0646\u0627 .....<br>\nEn son haberlerimizi almak i\u00e7in kanal\u0131 takip edin ve abone olun .....<br>\nFollow the channel and subscribe to receive our latest news.....<br>\n<\/a><\/div>\t\n\t\n<\/div>\n\n<\/div><\/div><\/div><div id=\"pg-2-6\"  class=\"panel-grid panel-no-style\" ><div id=\"pgc-2-6-0\"  class=\"panel-grid-cell\" ><div id=\"panel-2-6-0-0\" class=\"widget_text so-panel widget widget_custom_html panel-first-child panel-last-child\" data-index=\"6\" ><div class=\"textwidget custom-html-widget\"><div>\n<div><a href=\"https:\/\/iyit.jasimabed.com\/?BN=A1&IYIT=10000\" target=\"_blank\">\n<img decoding=\"async\" src=\"https:\/\/iyit.jasimabed.com\/simages\/0e56b120e66d72e2a2ba1161d5f03ee9.jpg\" style=\"top:0px;\" alt=\"\" width=\"100%\" \/>\n<\/a><\/div>\n<div dir=\"ltr\">iyit.jasimabed.com<\/div>\n<div><a href=\"https:\/\/iyit.jasimabed.com\" target=\"_blank\">&#304;stanbul Yabanc&#305;lar &#304;\u00e7in T\u00fcrk\u00e7e A1.<\/a><\/div>\n<div dir=\"rtl\"><a href=\"https:\/\/iyit.jasimabed.com\/?BN=A1&IYIT=10000\" target=\"_blank\">\n&#1575;&#1604;&#1605;&#1589;&#1575;&#1583;&#1585; &#1608;&#1575;&#1604;&#1605;&#1585;&#1575;&#1580;&#1593; &#1608;&#1575;&#1604;&#1603;&#1578;&#1576; &#1608;&#1575;&#1604;&#1589;&#1608;&#1578;&#1610;&#1575;&#1578; - Kaynaklar, referanslar, kitaplar ve sesler - Sources, references, books and audios\n<\/a><\/div>\n<\/div> <\/div><\/div><\/div><\/div><\/div>","protected":false},"excerpt":{"rendered":"<div class=\"mh-excerpt\"><p>\u0645\u062e\u062a\u0627\u0631\u0627\u062a &#8211; Se&ccedil;ilmi&#351; &#8211; Selections \u0647\u0644 \u062a\u0631\u064a\u062f \u0627\u0644\u062d\u0635\u0648\u0644 \u0639\u0644\u0649 \u0645\u0648\u0642\u0639 \u0639\u0644\u0649 \u0634\u0628\u0643\u0629 \u0627\u0644\u0627\u0646\u062a\u0631\u0646\u064a\u062a \u0631\u0627\u0626\u0639 \u0648\u062c\u0630\u0627\u0628 \u064a\u0639\u0628\u0631 \u0639\u0646\u0643 \u0623\u0648 \u0639\u0646 \u0634\u0631\u0643\u062a\u0643 \u0648\u0645\u0635\u0645\u0645 \u0628\u0623\u062d\u062f\u062b \u0628\u0631\u0627\u0645\u062c \u0627\u0644\u062a\u0635\u0645\u064a\u0645 \u061f <a class=\"mh-excerpt-more\" href=\"https:\/\/alhudainfotech.com\/?page_id=2&#038;lang=ar\" title=\"\u0627\u0644\u0635\u0641\u062d\u0629 \u0627\u0644\u0631\u0626\u064a\u0633\u064a\u0629\">[&#8230;]<\/a><\/p>\n<\/div>","protected":false},"author":1,"featured_media":50,"parent":0,"menu_order":0,"comment_status":"closed","ping_status":"closed","template":"","meta":{"footnotes":""},"class_list":["post-2","page","type-page","status-publish","has-post-thumbnail","hentry"],"_links":{"self":[{"href":"https:\/\/alhudainfotech.com\/index.php?rest_route=\/wp\/v2\/pages\/2","targetHints":{"allow":["GET"]}}],"collection":[{"href":"https:\/\/alhudainfotech.com\/index.php?rest_route=\/wp\/v2\/pages"}],"about":[{"href":"https:\/\/alhudainfotech.com\/index.php?rest_route=\/wp\/v2\/types\/page"}],"author":[{"embeddable":true,"href":"https:\/\/alhudainfotech.com\/index.php?rest_route=\/wp\/v2\/users\/1"}],"replies":[{"embeddable":true,"href":"https:\/\/alhudainfotech.com\/index.php?rest_route=%2Fwp%2Fv2%2Fcomments&post=2"}],"version-history":[{"count":28,"href":"https:\/\/alhudainfotech.com\/index.php?rest_route=\/wp\/v2\/pages\/2\/revisions"}],"predecessor-version":[{"id":1139,"href":"https:\/\/alhudainfotech.com\/index.php?rest_route=\/wp\/v2\/pages\/2\/revisions\/1139"}],"wp:featuredmedia":[{"embeddable":true,"href":"https:\/\/alhudainfotech.com\/index.php?rest_route=\/wp\/v2\/media\/50"}],"wp:attachment":[{"href":"https:\/\/alhudainfotech.com\/index.php?rest_route=%2Fwp%2Fv2%2Fmedia&parent=2"}],"curies":[{"name":"wp","href":"https:\/\/api.w.org\/{rel}","templated":true}]}}