{"id":347,"date":"2016-06-10T14:39:57","date_gmt":"2016-06-10T11:39:57","guid":{"rendered":"http:\/\/alhudainfotech.com\/?page_id=347"},"modified":"2017-12-02T20:29:58","modified_gmt":"2017-12-02T17:29:58","slug":"kanalin-kuran","status":"publish","type":"page","link":"https:\/\/alhudainfotech.com\/?page_id=347&lang=tr","title":{"rendered":"Kur&#8217;an kanal\u0131"},"content":{"rendered":"<h2 style=\"text-align: center;\"><span class=\"style4\" dir=\"rtl\" lang=\"ar-sa\"><strong><span id=\"result_box\" class=\"short_text\" lang=\"tr\">Kanal\u0131n Kur&#8217;an Canl\u0131 yay\u0131n (Mekke<span class=\"\">)<\/span><\/span><\/strong><\/span><\/h2>\n<p><iframe loading=\"lazy\" title=\"\u202b\u0642\u0646\u0627\u0629 \u0627\u0644\u0642\u0631\u0627\u0646 \u0627\u0644\u0643\u0631\u064a\u0645\u202c\u200e Live Stream\" width=\"500\" height=\"375\" src=\"https:\/\/www.youtube.com\/embed\/GtE4Y-cwHWY?feature=oembed\" frameborder=\"0\" allow=\"accelerometer; autoplay; clipboard-write; encrypted-media; gyroscope; picture-in-picture; web-share\" referrerpolicy=\"strict-origin-when-cross-origin\" allowfullscreen><\/iframe><\/p>\n","protected":false},"excerpt":{"rendered":"<div class=\"mh-excerpt\"><p>Kanal\u0131n Kur&#8217;an Canl\u0131 yay\u0131n (Mekke)<\/p>\n<\/div>","protected":false},"author":1,"featured_media":352,"parent":0,"menu_order":0,"comment_status":"closed","ping_status":"closed","template":"","meta":{"footnotes":""},"class_list":["post-347","page","type-page","status-publish","has-post-thumbnail","hentry"],"_links":{"self":[{"href":"https:\/\/alhudainfotech.com\/index.php?rest_route=\/wp\/v2\/pages\/347","targetHints":{"allow":["GET"]}}],"collection":[{"href":"https:\/\/alhudainfotech.com\/index.php?rest_route=\/wp\/v2\/pages"}],"about":[{"href":"https:\/\/alhudainfotech.com\/index.php?rest_route=\/wp\/v2\/types\/page"}],"author":[{"embeddable":true,"href":"https:\/\/alhudainfotech.com\/index.php?rest_route=\/wp\/v2\/users\/1"}],"replies":[{"embeddable":true,"href":"https:\/\/alhudainfotech.com\/index.php?rest_route=%2Fwp%2Fv2%2Fcomments&post=347"}],"version-history":[{"count":5,"href":"https:\/\/alhudainfotech.com\/index.php?rest_route=\/wp\/v2\/pages\/347\/revisions"}],"predecessor-version":[{"id":937,"href":"https:\/\/alhudainfotech.com\/index.php?rest_route=\/wp\/v2\/pages\/347\/revisions\/937"}],"wp:featuredmedia":[{"embeddable":true,"href":"https:\/\/alhudainfotech.com\/index.php?rest_route=\/wp\/v2\/media\/352"}],"wp:attachment":[{"href":"https:\/\/alhudainfotech.com\/index.php?rest_route=%2Fwp%2Fv2%2Fmedia&parent=347"}],"curies":[{"name":"wp","href":"https:\/\/api.w.org\/{rel}","templated":true}]}}