{"id":358,"date":"2016-06-10T15:01:20","date_gmt":"2016-06-10T12:01:20","guid":{"rendered":"http:\/\/alhudainfotech.com\/?page_id=358"},"modified":"2017-12-02T21:02:06","modified_gmt":"2017-12-02T18:02:06","slug":"kanal-sunnet","status":"publish","type":"page","link":"https:\/\/alhudainfotech.com\/?page_id=358&lang=tr","title":{"rendered":"Kanal S\u00fcnnet"},"content":{"rendered":"<h2 style=\"text-align: center;\"><span class=\"style4\" dir=\"rtl\" lang=\"ar-sa\"><strong><span id=\"result_box\" class=\"\" lang=\"tr\">Peygamber kanal S\u00fcnnet canl\u0131 yay\u0131n (Medine<span class=\"\">)<\/span><\/span><\/strong><\/span><\/h2>\n<p><iframe loading=\"lazy\" title=\"\u0628\u062b \u0645\u0628\u0627\u0634\u0631 \u0628\u0648\u0627\u0633\u0637\u0629 \u0642\u0646\u0627\u0629 \u0627\u0644\u0633\u0646\u0629 \u0627\u0644\u0646\u0628\u0648\u064a\u0629\" width=\"500\" height=\"375\" src=\"https:\/\/www.youtube.com\/embed\/7qLBABTPBAs?feature=oembed\" frameborder=\"0\" allow=\"accelerometer; autoplay; clipboard-write; encrypted-media; gyroscope; picture-in-picture; web-share\" referrerpolicy=\"strict-origin-when-cross-origin\" allowfullscreen><\/iframe><\/p>\n","protected":false},"excerpt":{"rendered":"<div class=\"mh-excerpt\"><p>Peygamber kanal S\u00fcnnet canl\u0131 yay\u0131n (Medine)<\/p>\n<\/div>","protected":false},"author":1,"featured_media":356,"parent":0,"menu_order":0,"comment_status":"closed","ping_status":"closed","template":"","meta":{"footnotes":""},"class_list":["post-358","page","type-page","status-publish","has-post-thumbnail","hentry"],"_links":{"self":[{"href":"https:\/\/alhudainfotech.com\/index.php?rest_route=\/wp\/v2\/pages\/358","targetHints":{"allow":["GET"]}}],"collection":[{"href":"https:\/\/alhudainfotech.com\/index.php?rest_route=\/wp\/v2\/pages"}],"about":[{"href":"https:\/\/alhudainfotech.com\/index.php?rest_route=\/wp\/v2\/types\/page"}],"author":[{"embeddable":true,"href":"https:\/\/alhudainfotech.com\/index.php?rest_route=\/wp\/v2\/users\/1"}],"replies":[{"embeddable":true,"href":"https:\/\/alhudainfotech.com\/index.php?rest_route=%2Fwp%2Fv2%2Fcomments&post=358"}],"version-history":[{"count":4,"href":"https:\/\/alhudainfotech.com\/index.php?rest_route=\/wp\/v2\/pages\/358\/revisions"}],"predecessor-version":[{"id":944,"href":"https:\/\/alhudainfotech.com\/index.php?rest_route=\/wp\/v2\/pages\/358\/revisions\/944"}],"wp:featuredmedia":[{"embeddable":true,"href":"https:\/\/alhudainfotech.com\/index.php?rest_route=\/wp\/v2\/media\/356"}],"wp:attachment":[{"href":"https:\/\/alhudainfotech.com\/index.php?rest_route=%2Fwp%2Fv2%2Fmedia&parent=358"}],"curies":[{"name":"wp","href":"https:\/\/api.w.org\/{rel}","templated":true}]}}