{"id":365,"date":"2016-06-10T15:11:36","date_gmt":"2016-06-10T12:11:36","guid":{"rendered":"http:\/\/alhudainfotech.com\/?page_id=365"},"modified":"2016-06-10T15:11:36","modified_gmt":"2016-06-10T12:11:36","slug":"canli-yayin-kanallari","status":"publish","type":"page","link":"https:\/\/alhudainfotech.com\/?page_id=365&lang=tr","title":{"rendered":"Canl\u0131 yay\u0131n kanallar\u0131"},"content":{"rendered":"<h3><strong><a href=\"https:\/\/alhudainfotech.com\/?page_id=347&amp;lang=tr\">Kur\u2019an kanal\u0131<\/a><\/strong><\/h3>\n<h3><strong><a href=\"https:\/\/alhudainfotech.com\/?page_id=358&amp;lang=tr\">Kanal S\u00fcnnet<\/a><\/strong><\/h3>\n","protected":false},"excerpt":{"rendered":"<div class=\"mh-excerpt\"><p>Kur\u2019an kanal\u0131 Kanal S\u00fcnnet<\/p>\n<\/div>","protected":false},"author":1,"featured_media":0,"parent":0,"menu_order":0,"comment_status":"closed","ping_status":"closed","template":"","meta":{"footnotes":""},"class_list":["post-365","page","type-page","status-publish","hentry"],"_links":{"self":[{"href":"https:\/\/alhudainfotech.com\/index.php?rest_route=\/wp\/v2\/pages\/365","targetHints":{"allow":["GET"]}}],"collection":[{"href":"https:\/\/alhudainfotech.com\/index.php?rest_route=\/wp\/v2\/pages"}],"about":[{"href":"https:\/\/alhudainfotech.com\/index.php?rest_route=\/wp\/v2\/types\/page"}],"author":[{"embeddable":true,"href":"https:\/\/alhudainfotech.com\/index.php?rest_route=\/wp\/v2\/users\/1"}],"replies":[{"embeddable":true,"href":"https:\/\/alhudainfotech.com\/index.php?rest_route=%2Fwp%2Fv2%2Fcomments&post=365"}],"version-history":[{"count":1,"href":"https:\/\/alhudainfotech.com\/index.php?rest_route=\/wp\/v2\/pages\/365\/revisions"}],"predecessor-version":[{"id":366,"href":"https:\/\/alhudainfotech.com\/index.php?rest_route=\/wp\/v2\/pages\/365\/revisions\/366"}],"wp:attachment":[{"href":"https:\/\/alhudainfotech.com\/index.php?rest_route=%2Fwp%2Fv2%2Fmedia&parent=365"}],"curies":[{"name":"wp","href":"https:\/\/api.w.org\/{rel}","templated":true}]}}