{"id":397,"date":"2016-06-11T15:03:42","date_gmt":"2016-06-11T12:03:42","guid":{"rendered":"http:\/\/alhudainfotech.com\/?page_id=397"},"modified":"2016-07-24T19:10:36","modified_gmt":"2016-07-24T16:10:36","slug":"islami-sayfalar","status":"publish","type":"page","link":"https:\/\/alhudainfotech.com\/?page_id=397&lang=tr","title":{"rendered":"\u0130slami sayfalar"},"content":{"rendered":"<h2><a href=\"https:\/\/alhudainfotech.com\/?page_id=409&amp;lang=tr\">Herkes i\u00e7in Kur\u2019an<\/a><\/h2>\n<h2><a href=\"https:\/\/alhudainfotech.com\/mp3quran\/index.php?data=reciters&amp;language=turkey\" target=\"_blank\">MP3 Kuran <\/a><\/h2>\n<h2><a href=\"https:\/\/alhudainfotech.com\/?page_id=365&amp;lang=tr\">Canl\u0131 yay\u0131n kanallar\u0131<\/a><\/h2>\n<h2><a href=\"http:\/\/www.alhudainfotech.com\/mo3lem\/\" target=\"_blank\">Kur&#8217;an \u00f6\u011fretmen ses \u015eeyh Muhammed S\u0131dd\u0131k Minshawi<\/a><\/h2>\n","protected":false},"excerpt":{"rendered":"<div class=\"mh-excerpt\"><p>Herkes i\u00e7in Kur\u2019an MP3 Kuran Canl\u0131 yay\u0131n kanallar\u0131 Kur&#8217;an \u00f6\u011fretmen ses \u015eeyh Muhammed S\u0131dd\u0131k Minshawi<\/p>\n<\/div>","protected":false},"author":1,"featured_media":0,"parent":0,"menu_order":0,"comment_status":"closed","ping_status":"closed","template":"","meta":{"footnotes":""},"class_list":["post-397","page","type-page","status-publish","hentry"],"_links":{"self":[{"href":"https:\/\/alhudainfotech.com\/index.php?rest_route=\/wp\/v2\/pages\/397","targetHints":{"allow":["GET"]}}],"collection":[{"href":"https:\/\/alhudainfotech.com\/index.php?rest_route=\/wp\/v2\/pages"}],"about":[{"href":"https:\/\/alhudainfotech.com\/index.php?rest_route=\/wp\/v2\/types\/page"}],"author":[{"embeddable":true,"href":"https:\/\/alhudainfotech.com\/index.php?rest_route=\/wp\/v2\/users\/1"}],"replies":[{"embeddable":true,"href":"https:\/\/alhudainfotech.com\/index.php?rest_route=%2Fwp%2Fv2%2Fcomments&post=397"}],"version-history":[{"count":5,"href":"https:\/\/alhudainfotech.com\/index.php?rest_route=\/wp\/v2\/pages\/397\/revisions"}],"predecessor-version":[{"id":453,"href":"https:\/\/alhudainfotech.com\/index.php?rest_route=\/wp\/v2\/pages\/397\/revisions\/453"}],"wp:attachment":[{"href":"https:\/\/alhudainfotech.com\/index.php?rest_route=%2Fwp%2Fv2%2Fmedia&parent=397"}],"curies":[{"name":"wp","href":"https:\/\/api.w.org\/{rel}","templated":true}]}}