{"id":438,"date":"2016-07-11T00:38:34","date_gmt":"2016-07-10T21:38:34","guid":{"rendered":"http:\/\/alhudainfotech.com\/?page_id=438"},"modified":"2024-07-09T16:11:03","modified_gmt":"2024-07-09T13:11:03","slug":"tasarimlar-ve-urunler","status":"publish","type":"page","link":"https:\/\/alhudainfotech.com\/?page_id=438&lang=tr","title":{"rendered":"Tasar\u0131mlar ve \u00dcr\u00fcnler"},"content":{"rendered":"<ul>\n<li>\n<h2><a href=\"https:\/\/alhudainfotech.com\" target=\"_blank\" rel=\"noopener\">AL HUDA B\u0130LG\u0130 TEKNOLOJ\u0130LER\u0130<\/a><\/h2>\n<\/li>\n<\/ul>\n","protected":false},"excerpt":{"rendered":"<div class=\"mh-excerpt\"><p>AL HUDA B\u0130LG\u0130 TEKNOLOJ\u0130LER\u0130<\/p>\n<\/div>","protected":false},"author":1,"featured_media":0,"parent":0,"menu_order":0,"comment_status":"closed","ping_status":"closed","template":"","meta":{"footnotes":""},"class_list":["post-438","page","type-page","status-publish","hentry"],"_links":{"self":[{"href":"https:\/\/alhudainfotech.com\/index.php?rest_route=\/wp\/v2\/pages\/438","targetHints":{"allow":["GET"]}}],"collection":[{"href":"https:\/\/alhudainfotech.com\/index.php?rest_route=\/wp\/v2\/pages"}],"about":[{"href":"https:\/\/alhudainfotech.com\/index.php?rest_route=\/wp\/v2\/types\/page"}],"author":[{"embeddable":true,"href":"https:\/\/alhudainfotech.com\/index.php?rest_route=\/wp\/v2\/users\/1"}],"replies":[{"embeddable":true,"href":"https:\/\/alhudainfotech.com\/index.php?rest_route=%2Fwp%2Fv2%2Fcomments&post=438"}],"version-history":[{"count":3,"href":"https:\/\/alhudainfotech.com\/index.php?rest_route=\/wp\/v2\/pages\/438\/revisions"}],"predecessor-version":[{"id":1030,"href":"https:\/\/alhudainfotech.com\/index.php?rest_route=\/wp\/v2\/pages\/438\/revisions\/1030"}],"wp:attachment":[{"href":"https:\/\/alhudainfotech.com\/index.php?rest_route=%2Fwp%2Fv2%2Fmedia&parent=438"}],"curies":[{"name":"wp","href":"https:\/\/api.w.org\/{rel}","templated":true}]}}