{"id":61,"date":"2016-05-12T22:48:17","date_gmt":"2016-05-12T19:48:17","guid":{"rendered":"http:\/\/alhudainfotech.com\/?page_id=61"},"modified":"2020-07-28T19:12:25","modified_gmt":"2020-07-28T16:12:25","slug":"iletisim","status":"publish","type":"page","link":"https:\/\/alhudainfotech.com\/?page_id=61&lang=tr","title":{"rendered":"\u0130LET\u0130\u015e\u0130M"},"content":{"rendered":"<div id=\"pl-61\"  class=\"panel-layout panel-is-rtl\" ><div id=\"pg-61-0\"  class=\"panel-grid panel-no-style\" ><div id=\"pgc-61-0-0\"  class=\"panel-grid-cell\" ><div id=\"panel-61-0-0-0\" class=\"so-panel widget widget_black-studio-tinymce widget_black_studio_tinymce panel-first-child panel-last-child\" data-index=\"0\" ><div class=\"textwidget\"><p><span class=\"\" style=\"display:block;clear:both;height: 0px;padding-top: 40px;border-top-width:0px;border-bottom-width:0px;\"><\/span><\/p>\n<p>[contact-form-7 id=\"116\" title=\"\u0627\u0633\u062a\u0645\u0627\u0631\u0629 \u0627\u0644\u0645\u0631\u0627\u0633\u0644\u0629 TR\"]<\/p>\n<p><span class=\"\" style=\"display:block;clear:both;height: 0px;padding-top: 40px;border-top-width:0px;border-bottom-width:0px;\"><\/span><\/p>\n<\/div><\/div><\/div><\/div><\/div>","protected":false},"excerpt":{"rendered":"<div class=\"mh-excerpt\"><p>[contact-form-7 id=&#8221;116&#8243; title=&#8221;\u0627\u0633\u062a\u0645\u0627\u0631\u0629 \u0627\u0644\u0645\u0631\u0627\u0633\u0644\u0629 TR&#8221;]<\/p>\n<\/div>","protected":false},"author":1,"featured_media":0,"parent":0,"menu_order":0,"comment_status":"closed","ping_status":"closed","template":"","meta":{"footnotes":""},"class_list":["post-61","page","type-page","status-publish","hentry"],"_links":{"self":[{"href":"https:\/\/alhudainfotech.com\/index.php?rest_route=\/wp\/v2\/pages\/61","targetHints":{"allow":["GET"]}}],"collection":[{"href":"https:\/\/alhudainfotech.com\/index.php?rest_route=\/wp\/v2\/pages"}],"about":[{"href":"https:\/\/alhudainfotech.com\/index.php?rest_route=\/wp\/v2\/types\/page"}],"author":[{"embeddable":true,"href":"https:\/\/alhudainfotech.com\/index.php?rest_route=\/wp\/v2\/users\/1"}],"replies":[{"embeddable":true,"href":"https:\/\/alhudainfotech.com\/index.php?rest_route=%2Fwp%2Fv2%2Fcomments&post=61"}],"version-history":[{"count":7,"href":"https:\/\/alhudainfotech.com\/index.php?rest_route=\/wp\/v2\/pages\/61\/revisions"}],"predecessor-version":[{"id":989,"href":"https:\/\/alhudainfotech.com\/index.php?rest_route=\/wp\/v2\/pages\/61\/revisions\/989"}],"wp:attachment":[{"href":"https:\/\/alhudainfotech.com\/index.php?rest_route=%2Fwp%2Fv2%2Fmedia&parent=61"}],"curies":[{"name":"wp","href":"https:\/\/api.w.org\/{rel}","templated":true}]}}