{"id":881,"date":"2017-11-27T16:44:52","date_gmt":"2017-11-27T13:44:52","guid":{"rendered":"http:\/\/alhudainfotech.com\/?page_id=881"},"modified":"2017-11-27T16:44:55","modified_gmt":"2017-11-27T13:44:55","slug":"hisnul-muslim-muslumanin-siginagi-dua-ve-zikirler","status":"publish","type":"page","link":"https:\/\/alhudainfotech.com\/?page_id=881&lang=tr","title":{"rendered":"Hisnu&#8217;l-Muslim &#8211; M\u00fcsl\u00fcman\u0131n S\u0131\u011f\u0131na\u011f\u0131 Dua ve Zikirler"},"content":{"rendered":"<div id=\"pl-881\"  class=\"panel-layout panel-is-rtl\" ><div id=\"pg-881-0\"  class=\"panel-grid panel-no-style\" ><div id=\"pgc-881-0-0\"  class=\"panel-grid-cell\" ><div id=\"panel-881-0-0-0\" class=\"so-panel widget widget_phpeverywherewidget phpeverywherewidget panel-first-child panel-last-child\" data-index=\"0\" ><h3 class=\"widget-title\"> <\/h3><\/div><\/div><\/div><\/div>","protected":false},"excerpt":{"rendered":"<div class=\"mh-excerpt\"><\/div>","protected":false},"author":1,"featured_media":743,"parent":0,"menu_order":0,"comment_status":"closed","ping_status":"closed","template":"","meta":{"footnotes":""},"class_list":["post-881","page","type-page","status-publish","has-post-thumbnail","hentry"],"_links":{"self":[{"href":"https:\/\/alhudainfotech.com\/index.php?rest_route=\/wp\/v2\/pages\/881","targetHints":{"allow":["GET"]}}],"collection":[{"href":"https:\/\/alhudainfotech.com\/index.php?rest_route=\/wp\/v2\/pages"}],"about":[{"href":"https:\/\/alhudainfotech.com\/index.php?rest_route=\/wp\/v2\/types\/page"}],"author":[{"embeddable":true,"href":"https:\/\/alhudainfotech.com\/index.php?rest_route=\/wp\/v2\/users\/1"}],"replies":[{"embeddable":true,"href":"https:\/\/alhudainfotech.com\/index.php?rest_route=%2Fwp%2Fv2%2Fcomments&post=881"}],"version-history":[{"count":2,"href":"https:\/\/alhudainfotech.com\/index.php?rest_route=\/wp\/v2\/pages\/881\/revisions"}],"predecessor-version":[{"id":883,"href":"https:\/\/alhudainfotech.com\/index.php?rest_route=\/wp\/v2\/pages\/881\/revisions\/883"}],"wp:featuredmedia":[{"embeddable":true,"href":"https:\/\/alhudainfotech.com\/index.php?rest_route=\/wp\/v2\/media\/743"}],"wp:attachment":[{"href":"https:\/\/alhudainfotech.com\/index.php?rest_route=%2Fwp%2Fv2%2Fmedia&parent=881"}],"curies":[{"name":"wp","href":"https:\/\/api.w.org\/{rel}","templated":true}]}}